{"id":11657,"date":"2016-01-19T21:24:41","date_gmt":"2016-01-19T20:24:41","guid":{"rendered":"http:\/\/www.fatrafol.cz\/ru\/produkty\/zemni-izolace\/ekoplast-806\/"},"modified":"2023-04-12T13:15:49","modified_gmt":"2023-04-12T11:15:49","slug":"ekoplast-806","status":"publish","type":"product","link":"https:\/\/www.fatrafol.cz\/ru\/products\/ground-membranes\/ekoplast-806\/","title":{"rendered":"EKOPLAST 806"},"content":{"rendered":"<div class=\"polymers row\"><h4 class=\"product_section\">\u041f\u0435\u0440\u0435\u0440\u0430\u0431\u0430\u0442\u044b\u0432\u0430\u0435\u043c\u044b\u0435 \u043c\u0430\u0442\u0435\u0440\u0438\u0430\u043b\u044b<\/h4><a class=\"hcolor bordercolor\" href=\"#polymer_PVC-P\">PVC-P<\/a><div class=\"explain_wrapper\" style=\"display:none\"><div class=\"explain\" id=\"polymer_PVC-P\"><div class=\"explain_content\"><ul>\r\n \t<li>\u041f\u0412\u0425\/PVC (\u043f\u043e\u043b\u0438\u0432\u0438\u043d\u0438\u043b\u0445\u043b\u043e\u0440\u0438\u0434) \u043f\u0440\u0435\u0434\u0441\u0442\u0430\u0432\u043b\u044f\u0435\u0442 \u0441\u043e\u0431\u043e\u0439 \u043d\u0430\u0434\u0435\u0436\u043d\u044b\u0439, \u043c\u043d\u043e\u0433\u043e\u0446\u0435\u043b\u0435\u0432\u043e\u0439 \u043c\u0430\u0442\u0435\u0440\u0438\u0430\u043b, \u0445\u043e\u0440\u043e\u0448\u043e \u0437\u0430\u0440\u0435\u043a\u043e\u043c\u0435\u043d\u0434\u043e\u0432\u0430\u0432\u0448\u0438\u0439 \u0441\u0435\u0431\u044f \u0432 \u0442\u0435\u0447\u0435\u043d\u0438\u0435 \u043c\u043d\u043e\u0433\u0438\u0445 \u043b\u0435\u0442. \u0411\u044b\u043b \u0440\u0430\u0437\u0440\u0430\u0431\u043e\u0442\u0430\u043d \u0443\u0436\u0435 \u0432 30-\u0435 \u0433\u043e\u0434\u044b \u043f\u0440\u043e\u0448\u043b\u043e\u0433\u043e \u0432\u0435\u043a\u0430 \u0432 \u043a\u0430\u0447\u0435\u0441\u0442\u0432\u0435 \u043e\u0434\u043d\u043e\u0433\u043e \u0438\u0437 \u043f\u0435\u0440\u0432\u044b\u0445 \u0441\u0438\u043d\u0442\u0435\u0442\u0438\u0447\u0435\u0441\u043a\u0438\u0445 \u043c\u0430\u0442\u0435\u0440\u0438\u0430\u043b\u043e\u0432 \u2013 \u043f\u043b\u0430\u0441\u0442\u043c\u0430\u0441\u0441. \u042d\u0442\u043e\u0442 \u043c\u0430\u0442\u0435\u0440\u0438\u0430\u043b \u043e\u0447\u0435\u043d\u044c \u0445\u043e\u0440\u043e\u0448\u043e \u043e\u0431\u0440\u0430\u0431\u0430\u0442\u044b\u0432\u0430\u0435\u0442\u0441\u044f\/\u043f\u0435\u0440\u0435\u0440\u0430\u0431\u0430\u0442\u044b\u0432\u0430\u0435\u0442\u0441\u044f \u043f\u043e \u0440\u0430\u0437\u043d\u044b\u043c \u0442\u0435\u0445\u043d\u043e\u043b\u043e\u0433\u0438\u044f\u043c, \u043d\u0430\u043f\u0440\u0438\u043c\u0435\u0440, \u043f\u0440\u043e\u043a\u0430\u0442\u043a\u043e\u0439, \u044d\u043a\u0441\u0442\u0440\u0443\u0437\u0438\u0435\u0439, \u043d\u0430\u043d\u0435\u0441\u0435\u043d\u0438\u0435\u043c \u0438\u043b\u0438 \u043b\u0438\u0442\u044c\u0435\u043c, \u043f\u043e\u044d\u0442\u043e\u043c\u0443 \u0435\u0433\u043e \u0438\u0441\u043f\u043e\u043b\u044c\u0437\u043e\u0432\u0430\u043d\u0438\u0435 \u043f\u0440\u0435\u0434\u043e\u043f\u0440\u0435\u0434\u0435\u043b\u0435\u043d\u043e \u0434\u043b\u044f \u0448\u0438\u0440\u043e\u043a\u043e\u0439 \u0448\u043a\u0430\u043b\u044b \u043f\u0440\u0438\u043c\u0435\u043d\u0435\u043d\u0438\u0439.<\/li>\r\n \t<li>\u041f\u0412\u0425\/PVC \u043e\u0431\u043b\u0430\u0434\u0430\u0435\u0442 \u0443\u043d\u0438\u043a\u0430\u043b\u044c\u043d\u044b\u043c \u0441\u043e\u0447\u0435\u0442\u0430\u043d\u0438\u0435\u043c \u0441\u0432\u043e\u0439\u0441\u0442\u0432. \u041a\u0440\u043e\u043c\u0435 \u0442\u043e\u0433\u043e, \u0435\u0433\u043e \u0441\u0432\u043e\u0439\u0441\u0442\u0432\u0430 \u043c\u043e\u0436\u043d\u043e \u0438\u0437\u043c\u0435\u043d\u044f\u0442\u044c \u0440\u0430\u0437\u043b\u0438\u0447\u043d\u044b\u043c \u043e\u0431\u0440\u0430\u0437\u043e\u043c \u0441 \u043f\u043e\u043c\u043e\u0449\u044c\u044e \u0434\u043e\u0431\u0430\u0432\u043e\u043a, \u043f\u0440\u0438\u043c\u0435\u043d\u044f\u0435\u043c\u044b\u0445 \u043f\u0440\u0438 \u043e\u0431\u0440\u0430\u0431\u043e\u0442\u043a\u0435\/\u043f\u0435\u0440\u0435\u0440\u0430\u0431\u043e\u0442\u043a\u0435. \u041e\u0431\u044b\u0447\u043d\u043e \u041f\u0412\u0425\/PVC \u043f\u043e\u0434\u0440\u0430\u0437\u0434\u0435\u043b\u044f\u0435\u0442\u0441\u044f \u043d\u0430 \u043f\u043b\u0430\u0441\u0442\u0438\u0444\u0438\u0446\u0438\u0440\u043e\u0432\u0430\u043d\u043d\u044b\u0439 \u043f\u043e\u043b\u0438\u0432\u0438\u043d\u0438\u043b\u0445\u043b\u043e\u0440\u0438\u0434, \u043e\u0431\u043e\u0437\u043d\u0430\u0447\u0430\u0435\u043c\u044b\u0439, \u0447\u0430\u0449\u0435 \u0432\u0441\u0435\u0433\u043e \u043a\u0430\u043a \u043f\u043b\u0430\u0441\u0442\u0438\u0444\u0438\u0446\u0438\u0440\u043e\u0432\u0430\u043d\u043d\u044b\u0439 \u041f\u0412\u0425 (PVC-P) \u0438 \u043d\u0430 \u043d\u0435\u043f\u043b\u0430\u0441\u0442\u0438\u0444\u0438\u0446\u0438\u0440\u043e\u0432\u0430\u043d\u043d\u044b\u0439 \u043f\u043e\u043b\u0438\u0432\u0438\u043d\u0438\u043b\u0445\u043b\u043e\u0440\u0438\u0434, \u043e\u0431\u043e\u0437\u043d\u0430\u0447\u0430\u0435\u043c\u044b\u0439, \u043a\u0430\u043a \u043d\u0435\u043f\u043b\u0430\u0441\u0442\u0438\u0444\u0438\u0446\u0438\u0440\u043e\u0432\u0430\u043d\u043d\u044b\u0439 \u041f\u0412\u0425 (PVC\u2013U). \u041f\u043e\u043b\u0438\u0432\u0438\u043d\u0438\u043b\u0445\u043b\u043e\u0440\u0438\u0434 \u043e\u0442\u043d\u043e\u0441\u0438\u0442\u0441\u044f \u043a \u043c\u0430\u0442\u0435\u0440\u0438\u0430\u043b\u0430\u043c, \u043a\u043e\u0442\u043e\u0440\u044b\u0435 \u043c\u043e\u0436\u043d\u043e \u043b\u0435\u0433\u043a\u043e \u0440\u0435\u0446\u0438\u043a\u043b\u0438\u0440\u043e\u0432\u0430\u0442\u044c \u0438 \u043f\u043e\u0432\u0442\u043e\u0440\u043d\u043e \u0438\u0441\u043f\u043e\u043b\u044c\u0437\u043e\u0432\u0430\u0442\u044c \u043f\u0440\u0438 \u0438\u0437\u0433\u043e\u0442\u043e\u0432\u043b\u0435\u043d\u0438\u0438 \u0438\u0437\u0434\u0435\u043b\u0438\u0439. \u0420\u0435\u0446\u0438\u043a\u043b\u0438\u0440\u043e\u0432\u0430\u043d\u043d\u044b\u0439 \u041f\u0412\u0425\/PVC \u043e\u0431\u043e\u0437\u043d\u0430\u0447\u0430\u0435\u0442\u0441\u044f, \u043a\u0430\u043a \u0440\u0435\u0446\u0438\u043a\u043b\u0438\u0440\u043e\u0432\u0430\u043d\u043d\u044b\u0439 \u041f\u0412\u0425 (PVC-R). \u041e\u0431\u044b\u0447\u043d\u043e \u0438\u0437\u0434\u0435\u043b\u0438\u044f \u0438\u0437 \u041f\u0412\u0425\/PVC \u043d\u0430\u0437\u044b\u0432\u0430\u044e\u0442\u0441\u044f \u0438\u0437\u0434\u0435\u043b\u0438\u044f\u043c\u0438 \u0438\u0437 \u0432\u0438\u043d\u0438\u043b\u0430.<\/li>\r\n \t<li>\u041f\u043b\u0430\u0441\u0442\u0438\u0444\u0438\u0446\u0438\u0440\u043e\u0432\u0430\u043d\u043d\u044b\u0439 \u041f\u0412\u0425 (PVC-P) \u043e\u0441\u043e\u0431\u0435\u043d\u043d\u043e \u0445\u043e\u0440\u043e\u0448\u043e \u043f\u043e\u0434\u0445\u043e\u0434\u0438\u0442 \u0434\u043b\u044f \u0442\u0435\u0445 \u0441\u043b\u0443\u0447\u0430\u0435\u0432 \u043f\u0440\u0438\u043c\u0435\u043d\u0435\u043d\u0438\u044f, \u043a\u043e\u0433\u0434\u0430 \u0432\u0430\u0436\u043d\u044b \u0443\u043f\u0440\u0443\u0433\u043e\u0441\u0442\u044c \u0438 \u0433\u0438\u0431\u043a\u043e\u0441\u0442\u044c. \u0413\u043b\u0430\u0432\u043d\u044b\u0435 \u043e\u0431\u043b\u0430\u0441\u0442\u0438 \u043f\u0440\u0438\u043c\u0435\u043d\u0435\u043d\u0438\u044f \u043f\u043b\u0430\u0441\u0442\u0438\u0444\u0438\u0446\u0438\u0440\u043e\u0432\u0430\u043d\u043d\u043e\u0433\u043e \u041f\u0412\u0425\/PVC \u0432\u043a\u043b\u044e\u0447\u0430\u044e\u0442 \u0432 \u0441\u0435\u0431\u044f:\r\n<ul>\r\n \t<li>\u041f\u0440\u0435\u0434\u043c\u0435\u0442\u044b \u0434\u043b\u044f \u043e\u0431\u044b\u0447\u043d\u043e\u0433\u043e \u043f\u043e\u043b\u044c\u0437\u043e\u0432\u0430\u043d\u0438\u044f \u2013 \u0434\u043e\u0436\u0434\u0435\u0432\u0438\u043a\u0438, \u043d\u0430\u0434\u0443\u0432\u043d\u044b\u0435 \u0438\u0433\u0440\u0443\u0448\u043a\u0438, \u0441\u043a\u0430\u0442\u0435\u0440\u0442\u0438, \u043f\u0435\u0440\u0447\u0430\u0442\u043a\u0438 \u0434\u043b\u044f \u0443\u0431\u043e\u0440\u043a\u0438\u042e<\/li>\r\n \t<li>\u0421\u0442\u0440\u043e\u0438\u0442\u0435\u043b\u044c\u0441\u0442\u0432\u043e \u2013 \u0438\u0437\u043e\u043b\u044f\u0446\u0438\u043e\u043d\u043d\u044b\u0435 \u043f\u043b\u0435\u043d\u043a\u0438, \u043d\u0430\u043f\u0440\u0438\u043c\u0435\u0440, \u0434\u043b\u044f \u0438\u0437\u043e\u043b\u044f\u0446\u0438\u0438 \u0431\u0430\u0441\u0441\u0435\u0439\u043d\u043e\u0432, \u0434\u043b\u044f \u0433\u0440\u0443\u043d\u0442\u043e\u0432\u043e\u0439 \u0438 \u043a\u0440\u043e\u0432\u0435\u043b\u044c\u043d\u043e\u0439 \u0438\u0437\u043e\u043b\u044f\u0446\u0438\u0438, \u0434\u043b\u044f \"\u0437\u0435\u043b\u0435\u043d\u044b\u0445\" \u043a\u0440\u044b\u0448; \u043d\u0430\u043f\u043e\u043b\u044c\u043d\u044b\u0435 \u043f\u043e\u043a\u0440\u044b\u0442\u0438\u044f \u0440\u0430\u0437\u043d\u044b\u0445 \u0442\u0438\u043f\u043e\u0432 \u0432 \u0440\u0443\u043b\u043e\u043d\u0430\u0445 \u0438 \u043c\u043e\u0434\u0443\u043b\u044c\u043d\u044b\u0445 \u0432\u0430\u0440\u0438\u0430\u043d\u0442\u0430\u0445 \u0438\u0441\u043f\u043e\u043b\u043d\u0435\u043d\u0438\u044f (\u043f\u043b\u0438\u0442\u043a\u0430), \u043c\u044f\u0433\u043a\u0438\u0435 \u043f\u0440\u043e\u0444\u0438\u043b\u0438 \u0438 \u043f\u043b\u0438\u043d\u0442\u0443\u0441\u0430, \u043e\u0431\u043e\u0438\u042e<\/li>\r\n \t<li>\u0410\u0432\u0442\u043e\u043c\u043e\u0431\u0438\u043b\u044c\u043d\u0430\u044f \u043f\u0440\u043e\u043c\u044b\u0448\u043b\u0435\u043d\u043d\u043e\u0441\u0442\u044c \u0438 \u044d\u043b\u0435\u043a\u0442\u0440\u043e\u043f\u0440\u043e\u043c\u044b\u0448\u043b\u0435\u043d\u043d\u043e\u0441\u0442\u044c \u2013 \u0447\u0430\u0449\u0435 \u0432\u0441\u0435\u0433\u043e \u0434\u043b\u044f \u043f\u043e\u043a\u0440\u044b\u0442\u0438\u044f \u043a\u0430\u0431\u0435\u043b\u0435\u0439 \u043e\u0431\u043e\u043b\u043e\u0447\u043a\u043e\u0439\u042e<\/li>\r\n \t<li>\u0417\u0434\u0440\u0430\u0432\u043e\u043e\u0445\u0440\u0430\u043d\u0435\u043d\u0438\u0435 \u2013 \u043f\u0430\u043a\u0435\u0442\u044b \u0434\u043b\u044f \u043c\u0435\u0448\u043a\u043e\u0432 \u0434\u043b\u044f \u043a\u0440\u043e\u0432\u0438, \u0442\u0440\u0443\u0431\u043a\u0438 \u0438 \u0448\u043b\u0430\u043d\u0433\u0438 \u043c\u0435\u0434\u0438\u0446\u0438\u043d\u0441\u043a\u043e\u0433\u043e \u043d\u0430\u0437\u043d\u0430\u0447\u0435\u043d\u0438\u044f\u042e<\/li>\r\n \t<li>\u041e\u0441\u0442\u0430\u043b\u044c\u043d\u0430\u044f \u043f\u0440\u043e\u043c\u044b\u0448\u043b\u0435\u043d\u043d\u043e\u0441\u0442\u044c \u2013 \u0440\u0435\u043a\u043b\u0430\u043c\u043d\u044b\u0435 \u043f\u0440\u0435\u0434\u043c\u0435\u0442\u044b, \u0431\u0438\u043b\u0431\u043e\u0440\u0434\u044b, \u0443\u043f\u0430\u043a\u043e\u0432\u043a\u0438.<\/li>\r\n<\/ul>\r\n<\/li>\r\n \t<li>\u0421\u0432\u043e\u0439\u0441\u0442\u0432\u0430 \u043f\u043b\u0430\u0441\u0442\u0438\u0444\u0438\u0446\u0438\u0440\u043e\u0432\u0430\u043d\u043d\u043e\u0433\u043e \u041f\u0412\u0425 (PVC-P) \u0438\u0437\u043c\u0435\u043d\u044f\u044e\u0442 \u0441 \u0443\u0447\u0435\u0442\u043e\u043c \u043a\u043e\u043d\u043a\u0440\u0435\u0442\u043d\u043e\u0433\u043e \u043f\u0440\u0438\u043c\u0435\u043d\u0435\u043d\u0438\u044f. \u0412 \u0442\u0435\u0445 \u0441\u043b\u0443\u0447\u0430\u044f\u0445, \u043a\u043e\u0433\u0434\u0430 \u0432\u0430\u0436\u0435\u043d \u0432\u043d\u0435\u0448\u043d\u0438\u0439 \u0432\u0438\u0434, \u043e\u0447\u0435\u043d\u044c \u0447\u0430\u0441\u0442\u044b\u043c \u0442\u0440\u0435\u0431\u043e\u0432\u0430\u043d\u0438\u0435\u043c \u044f\u0432\u043b\u044f\u0435\u0442\u0441\u044f \u0434\u043e\u0441\u0442\u0438\u0436\u0435\u043d\u0438\u0435 \u043a\u043e\u043d\u043a\u0440\u0435\u0442\u043d\u043e\u0433\u043e \u0446\u0432\u0435\u0442\u043e\u0432\u043e\u0433\u043e \u043e\u0442\u0442\u0435\u043d\u043a\u0430, \u043c\u043d\u043e\u0433\u043e\u0446\u0432\u0435\u0442\u043d\u0430\u044f \u043f\u0435\u0447\u0430\u0442\u044c \u0438\u043b\u0438 \u043d\u0430\u043d\u0435\u0441\u0435\u043d\u0438\u0435 \u0443\u0437\u043e\u0440\u0430 \u043d\u0430 \u043f\u043e\u0432\u0435\u0440\u0445\u043d\u043e\u0441\u0442\u044c \u0438\u0437\u0434\u0435\u043b\u0438\u044f (\u0438\u043c\u0438\u0442\u0430\u0446\u0438\u044f \u0434\u0440\u0435\u0432\u0435\u0441\u0438\u043d\u044b \u0438\u043b\u0438 \u043a\u043e\u0436\u0438). \u0412 \u0441\u043b\u0443\u0447\u0430\u044f\u0445 \u0442\u0435\u0445\u043d\u0438\u0447\u0435\u0441\u043a\u043e\u0433\u043e \u043f\u0440\u0438\u043c\u0435\u043d\u0435\u043d\u0438\u044f \u043d\u0430\u0438\u0431\u043e\u043b\u0435\u0435 \u0447\u0430\u0441\u0442\u044b\u043c \u0442\u0440\u0435\u0431\u043e\u0432\u0430\u043d\u0438\u0435\u043c \u044f\u0432\u043b\u044f\u044e\u0442\u0441\u044f \u0434\u043e\u043b\u0433\u043e\u0432\u0435\u0447\u043d\u043e\u0441\u0442\u044c \u0438 \u0434\u043b\u0438\u0442\u0435\u043b\u044c\u043d\u044b\u0439 \u0441\u0440\u043e\u043a \u0441\u043b\u0443\u0436\u0431\u044b. \u041f\u0440\u0438\u043c\u0435\u043d\u0435\u043d\u0438\u0435\u043c \u043d\u0435\u043e\u0431\u0445\u043e\u0434\u0438\u043c\u044b\u0445 \u0434\u043e\u0431\u0430\u0432\u043e\u043a \u043c\u043e\u0436\u043d\u043e \u0434\u043e\u0441\u0442\u0438\u0433\u043d\u0443\u0442\u044c \u0441\u0440\u043e\u043a\u0430 \u0441\u043b\u0443\u0436\u0431\u044b 10, 15 \u0438 \u0431\u043e\u043b\u0435\u0435 \u043b\u0435\u0442.<\/li>\r\n<\/ul><\/div><\/div><\/div><\/div>\n\n\n<hr class=\"wp-block-cgb-block-ftr-product-section-line ftr-product-block-separator\"\/>\n\n\n\n<h4 class=\"wp-block-cgb-block-ftr-product-heading product-block-title\">\u0418\u043d\u0441\u0442\u0440\u0443\u043a\u0446\u0438\u044f \u043f\u043e \u043f\u0440\u0438\u043c\u0435\u043d\u0435\u043d\u0438\u044e<\/h4>\n\n\n<div class=\"row instructions\">\n<div style=\"text-align: justify;\">\u0423\u043a\u043b\u0430\u0434\u043a\u0443 \u043c\u0435\u043c\u0431\u0440\u0430\u043d\u044b\/\u043f\u043b\u0435\u043d\u043a\u0438 \u043d\u0430 \u0441\u0442\u0440\u043e\u0438\u0442\u0435\u043b\u044c\u043d\u044b\u0445 \u043e\u0431\u044a\u0435\u043a\u0442\u0430\u0445 \u043c\u043e\u0433\u0443\u0442 \u043f\u0440\u043e\u0432\u043e\u0434\u0438\u0442\u044c \u0442\u043e\u043b\u044c\u043a\u043e \u0441\u043f\u0435\u0446\u0438\u0430\u043b\u0438\u0437\u0438\u0440\u043e\u0432\u0430\u043d\u043d\u044b\u0435 \u0438 \u043e\u0431\u0443\u0447\u0435\u043d\u043d\u044b\u0435 \u0434\u043b\u044f \u044d\u0442\u043e\u0439 \u0446\u0435\u043b\u0438 \u0444\u0438\u0440\u043c\u044b. \u041c\u0435\u043c\u0431\u0440\u0430\u043d\u0430\/\u043f\u043b\u0435\u043d\u043a\u0430 \u0443\u0441\u0442\u0430\u043d\u0430\u0432\u043b\u0438\u0432\u0430\u0435\u0442\u0441\u044f \u0432 \u0441\u043e\u043e\u0442\u0432\u0435\u0442\u0441\u0442\u0432\u0438\u0438 \u0441 \u043f\u0440\u0438\u043d\u0446\u0438\u043f\u0430\u043c\u0438, \u0443\u0441\u0442\u0430\u043d\u043e\u0432\u043b\u0435\u043d\u043d\u044b\u043c\u0438 \u0432 \u0438\u043d\u0441\u0442\u0440\u0443\u043a\u0446\u0438\u0438 \u043f\u043e \u0443\u043a\u043b\u0430\u0434\u043a\u0435 \u043c\u0435\u043c\u0431\u0440\u0430\u043d\u044b FATRAFOL-H.<\/div>\n<\/div>\n\n\n<hr class=\"wp-block-cgb-block-ftr-product-section-line ftr-product-block-separator\"\/>\n\n\n\n<h4 class=\"wp-block-cgb-block-ftr-product-heading product-block-title\">\u0421\u043f\u0435\u0446\u0438\u0444\u0438\u043a\u0430\u0446\u0438\u044f<\/h4>\n\n\n<div class=\"row specifications\">\n<div class=\"six columns\">\n<ul>\n<li>EKOPLAST 806 \u2013 \u044d\u0442\u043e \u043d\u0435\u0430\u0440\u043c\u0438\u0440\u043e\u0432\u0430\u043d\u043d\u0430\u044f \u043c\u0435\u043c\u0431\u0440\u0430\u043d\u0430\/\u043f\u043b\u0435\u043d\u043a\u0430 \u043d\u0430 \u043e\u0441\u043d\u043e\u0432\u0435 \u043f\u043b\u0430\u0441\u0442\u0438\u0444\u0438\u0446\u0438\u0440\u043e\u0432\u0430\u043d\u043d\u043e\u0433\u043e \u043f\u043e\u043b\u0438\u0432\u0438\u043d\u0438\u043b\u0445\u043b\u043e\u0440\u0438\u0434\u0430 (PVC-P), \u0442\u0438\u043f T; \u0432 \u0441\u043e\u043e\u0442\u0432\u0435\u0442\u0441\u0442\u0432\u0438\u0438 \u0441 \u0433\u0430\u0440\u043c\u043e\u043d\u0438\u0437\u0438\u0440\u043e\u0432\u0430\u043d\u043d\u044b\u043c \u0441\u0442\u0430\u043d\u0434\u0430\u0440\u0442\u043e\u043c \u010cSN EN 13967:2005\/A1:2007<\/li>\n<\/ul>\n<\/div>\n<div class=\"six columns\">\n<ul>\n<li>\u043c\u0435\u043c\u0431\u0440\u0430\u043d\u0430\/\u043f\u043b\u0435\u043d\u043a\u0430 \u0438\u0437\u0433\u043e\u0442\u043e\u0432\u043b\u0435\u043d\u0430 \u043f\u043e \u0442\u0435\u0445\u043d\u043e\u043b\u043e\u0433\u0438\u0438 \u043f\u0440\u043e\u043a\u0430\u0442\u043a\u0438 \u0438 \u043b\u0430\u043c\u0438\u043d\u0438\u0440\u043e\u0432\u0430\u043d\u0438\u044f<\/li>\n<li>\u043f\u043e\u0432\u044b\u0448\u0435\u043d\u043d\u0430\u044f \u0441\u0442\u043e\u0439\u043a\u043e\u0441\u0442\u044c \u043a \u043e\u0442\u0434\u0435\u043b\u044c\u043d\u044b\u043c \u043d\u0435\u0444\u0442\u044f\u043d\u044b\u043c \u0444\u0440\u0430\u043a\u0446\u0438\u044f\u043c<\/li>\n<\/ul>\n<\/div>\n<\/div>\n\n\n<hr class=\"wp-block-cgb-block-ftr-product-section-line ftr-product-block-separator\"\/>\n\n\n\n<h4 class=\"wp-block-cgb-block-ftr-product-heading product-block-title\">\u0420\u0430\u0437\u043c\u0435\u0440\u044b<\/h4>\n\n\n<div class=\"row params\">\n<table class=\"u-full-width\">\n<thead>\n<tr>\n<th style=\"text-align: center;\">\u0422\u043e\u043b\u0449\u0438\u043d\u0430&nbsp;(\u043c\u043c)<\/th>\n<th style=\"text-align: center;\">\u0428\u0438\u0440\u0438\u043d\u0430&nbsp;(\u043c\u043c)<\/th>\n<th style=\"text-align: center;\">\u0412\u0435\u0441 \u0440\u0443\u043b\u043e\u043d\u0430&nbsp;(\u043a\u0433)<\/th>\n<th style=\"text-align: center;\">\u0420\u0443\u043b\u043e\u043d&nbsp;(\u043c\u00b2)<\/th>\n<\/tr>\n<\/thead>\n<tbody>\n<tr>\n<td style=\"text-align: center;\">0,6<\/td>\n<td style=\"text-align: center;\">1300<\/td>\n<td style=\"text-align: center;\">51<\/td>\n<td style=\"text-align: center;\">65<\/td>\n<\/tr>\n<tr>\n<td style=\"text-align: center;\">1,0<\/td>\n<td style=\"text-align: center;\">1300<\/td>\n<td style=\"text-align: center;\">51<\/td>\n<td style=\"text-align: center;\">39<\/td>\n<\/tr>\n<tr>\n<td style=\"text-align: center;\">1,5<\/td>\n<td style=\"text-align: center;\">1300<\/td>\n<td style=\"text-align: center;\">51<\/td>\n<td style=\"text-align: center;\">26<\/td>\n<\/tr>\n<tr>\n<td style=\"text-align: center;\">2,0<\/td>\n<td style=\"text-align: center;\">1300<\/td>\n<td style=\"text-align: center;\">51<\/td>\n<td style=\"text-align: center;\">19,5<\/td>\n<\/tr>\n<\/tbody>\n<\/table>\n<\/div>\n\n\n<hr class=\"wp-block-cgb-block-ftr-product-section-line ftr-product-block-separator\"\/>\n\n\n\n<h4 class=\"wp-block-cgb-block-ftr-product-heading product-block-title\">\u0420\u0435\u0444\u0435\u0440\u0435\u043d\u0446\u0438\u0438<\/h4>\n\n\n<div class=\"row gallery\">\n<div id='gallery-1' class='gallery galleryid-11657 gallery-columns-3 gallery-size-medium'><figure class='gallery-item'>\n\t\t\t<div class='gallery-icon landscape'>\n\t\t\t\t<a href='https:\/\/www.fatrafol.cz\/wp-content\/uploads\/2016\/02\/vodorovn\u00e1-izolace-12_uprav.jpg'><img decoding=\"async\" width=\"300\" height=\"225\" data-src=\"https:\/\/www.fatrafol.cz\/wp-content\/uploads\/2016\/02\/vodorovn\u00e1-izolace-12_uprav-300x225.jpg\" class=\"attachment-medium size-medium lazyload\" alt=\"\" aria-describedby=\"gallery-1-10223\" data-srcset=\"https:\/\/www.fatrafol.cz\/wp-content\/uploads\/2016\/02\/vodorovn\u00e1-izolace-12_uprav-300x225.jpg 300w, https:\/\/www.fatrafol.cz\/wp-content\/uploads\/2016\/02\/vodorovn\u00e1-izolace-12_uprav-768x576.jpg 768w, https:\/\/www.fatrafol.cz\/wp-content\/uploads\/2016\/02\/vodorovn\u00e1-izolace-12_uprav-733x550.jpg 733w, https:\/\/www.fatrafol.cz\/wp-content\/uploads\/2016\/02\/vodorovn\u00e1-izolace-12_uprav.jpg 800w\" data-sizes=\"(max-width: 300px) 100vw, 300px\" src=\"data:image\/svg+xml;base64,PHN2ZyB3aWR0aD0iMSIgaGVpZ2h0PSIxIiB4bWxucz0iaHR0cDovL3d3dy53My5vcmcvMjAwMC9zdmciPjwvc3ZnPg==\" style=\"--smush-placeholder-width: 300px; --smush-placeholder-aspect-ratio: 300\/225;\" \/><\/a>\n\t\t\t<\/div>\n\t\t\t\t<figcaption class='wp-caption-text gallery-caption' id='gallery-1-10223'>\n\t\t\t\tIzolace z\u00e1klad\u016f, f\u00f3lie FATRAFOL 803 a 803 S\n\t\t\t\t<\/figcaption><\/figure><figure class='gallery-item'>\n\t\t\t<div class='gallery-icon landscape'>\n\t\t\t\t<a href='https:\/\/www.fatrafol.cz\/wp-content\/uploads\/2016\/02\/fotka-8.jpg'><img decoding=\"async\" width=\"300\" height=\"225\" data-src=\"https:\/\/www.fatrafol.cz\/wp-content\/uploads\/2016\/02\/fotka-8-300x225.jpg\" class=\"attachment-medium size-medium lazyload\" alt=\"\" aria-describedby=\"gallery-1-5507\" data-srcset=\"https:\/\/www.fatrafol.cz\/wp-content\/uploads\/2016\/02\/fotka-8-300x225.jpg 300w, https:\/\/www.fatrafol.cz\/wp-content\/uploads\/2016\/02\/fotka-8-768x576.jpg 768w, https:\/\/www.fatrafol.cz\/wp-content\/uploads\/2016\/02\/fotka-8-1024x768.jpg 1024w, https:\/\/www.fatrafol.cz\/wp-content\/uploads\/2016\/02\/fotka-8-733x550.jpg 733w, https:\/\/www.fatrafol.cz\/wp-content\/uploads\/2016\/02\/fotka-8-800x600.jpg 800w\" data-sizes=\"(max-width: 300px) 100vw, 300px\" src=\"data:image\/svg+xml;base64,PHN2ZyB3aWR0aD0iMSIgaGVpZ2h0PSIxIiB4bWxucz0iaHR0cDovL3d3dy53My5vcmcvMjAwMC9zdmciPjwvc3ZnPg==\" style=\"--smush-placeholder-width: 300px; --smush-placeholder-aspect-ratio: 300\/225;\" \/><\/a>\n\t\t\t<\/div>\n\t\t\t\t<figcaption class='wp-caption-text gallery-caption' id='gallery-1-5507'>\n\t\t\t\tIzolace z\u00e1klad\u016f, f\u00f3lie FATRAFOL 803\n\t\t\t\t<\/figcaption><\/figure><figure class='gallery-item'>\n\t\t\t<div class='gallery-icon landscape'>\n\t\t\t\t<a href='https:\/\/www.fatrafol.cz\/wp-content\/uploads\/2016\/02\/fotka-6.jpg'><img decoding=\"async\" width=\"300\" height=\"225\" data-src=\"https:\/\/www.fatrafol.cz\/wp-content\/uploads\/2016\/02\/fotka-6-300x225.jpg\" class=\"attachment-medium size-medium lazyload\" alt=\"\" aria-describedby=\"gallery-1-5504\" data-srcset=\"https:\/\/www.fatrafol.cz\/wp-content\/uploads\/2016\/02\/fotka-6-300x225.jpg 300w, https:\/\/www.fatrafol.cz\/wp-content\/uploads\/2016\/02\/fotka-6-768x576.jpg 768w, https:\/\/www.fatrafol.cz\/wp-content\/uploads\/2016\/02\/fotka-6-1024x768.jpg 1024w, https:\/\/www.fatrafol.cz\/wp-content\/uploads\/2016\/02\/fotka-6-733x550.jpg 733w, https:\/\/www.fatrafol.cz\/wp-content\/uploads\/2016\/02\/fotka-6-800x600.jpg 800w\" data-sizes=\"(max-width: 300px) 100vw, 300px\" src=\"data:image\/svg+xml;base64,PHN2ZyB3aWR0aD0iMSIgaGVpZ2h0PSIxIiB4bWxucz0iaHR0cDovL3d3dy53My5vcmcvMjAwMC9zdmciPjwvc3ZnPg==\" style=\"--smush-placeholder-width: 300px; --smush-placeholder-aspect-ratio: 300\/225;\" \/><\/a>\n\t\t\t<\/div>\n\t\t\t\t<figcaption class='wp-caption-text gallery-caption' id='gallery-1-5504'>\n\t\t\t\tIzolace z\u00e1klad\u016f, f\u00f3lie FATRAFOL 803\n\t\t\t\t<\/figcaption><\/figure>\n\t\t<\/div>\n\n<\/div>\n\n\n<hr class=\"wp-block-cgb-block-ftr-product-section-line ftr-product-block-separator\"\/>\n","protected":false},"excerpt":{"rendered":"<div style=\"text-align: justify;\">\u041c\u0435\u043c\u0431\u0440\u0430\u043d\u0430\/\u043f\u043b\u0435\u043d\u043a\u0430 EKOPLAST 806 \u043f\u0440\u0435\u0434\u043d\u0430\u0437\u043d\u0430\u0447\u0435\u043d\u0430 \u0434\u043b\u044f \u0441\u043e\u0437\u0434\u0430\u043d\u0438\u044f \u0438\u0437\u043e\u043b\u044f\u0446\u0438\u043e\u043d\u043d\u044b\u0445 \u044d\u043a\u0440\u0430\u043d\u043e\u0432\/\u0440\u0443\u0431\u0430\u0448\u0435\u043a \u043d\u0430 \u043e\u0431\u044a\u0435\u043a\u0442\u0430\u0445 \u0432\u0440\u0435\u043c\u0435\u043d\u043d\u043e\u0433\u043e \u0445\u0440\u0430\u043d\u0435\u043d\u0438\u044f \u043d\u0435\u043a\u043e\u0442\u043e\u0440\u044b\u0445 \u043d\u0435\u0444\u0442\u044f\u043d\u044b\u0445 \u0444\u0440\u0430\u043a\u0446\u0438\u0439 \u0438 \u0434\u043b\u044f \u043e\u0431\u0440\u0430\u0449\u0435\u043d\u0438\u044f \u0441 \u043d\u0438\u043c\u0438, \u043f\u0440\u0435\u0434\u043d\u0430\u0437\u043d\u0430\u0447\u0435\u043d\u043d\u044b\u0445 \u0434\u043b\u044f \u043f\u0440\u0435\u0434\u043e\u0442\u0432\u0440\u0430\u0449\u0435\u043d\u0438\u044f \u0443\u0442\u0435\u0447\u043a\u0438 \u043d\u0435\u0444\u0442\u044f\u043d\u044b\u0445 \u0444\u0440\u0430\u043a\u0446\u0438\u0439 \u0432 \u0433\u0440\u0443\u043d\u0442\u043e\u0432\u044b\u0435 \u0438 \u043f\u043e\u0432\u0435\u0440\u0445\u043d\u043e\u0441\u0442\u043d\u044b\u0435 \u0432\u043e\u0434\u044b. \u0425\u043e\u0440\u043e\u0448\u043e \u043f\u043e\u0434\u0445\u043e\u0434\u0438\u0442, \u043d\u0430\u043f\u0440\u0438\u043c\u0435\u0440, \u0434\u043b\u044f \u0433\u0435\u0440\u043c\u0435\u0442\u0438\u0437\u0430\u0446\u0438\u0438 \u0440\u0430\u0431\u043e\u0447\u0438\u0445\/\u043c\u0430\u043d\u0438\u043f\u0443\u043b\u044f\u0446\u0438\u043e\u043d\u043d\u044b\u0445 \u043f\u043e\u0432\u0435\u0440\u0445\u043d\u043e\u0441\u0442\u0435\u0439, \u0430\u0432\u0430\u0440\u0438\u0439\u043d\u044b\u0445 \u0438 \u0443\u043b\u0430\u0432\u043b\u0438\u0432\u0430\u044e\u0449\u0438\u0445 \u043f\u0440\u0438\u0435\u043c\u043d\u0438\u043a\u043e\u0432\/\u0441\u0431\u043e\u0440\u043d\u0438\u043a\u043e\u0432 \u0443\u0442\u0435\u0447\u0435\u043a \u0431\u0435\u043d\u0437\u0438\u043d\u0430, \u043a\u0435\u0440\u043e\u0441\u0438\u043d\u0430, \u0434\u0438\u0437\u0435\u043b\u044c\u043d\u043e\u0433\u043e \u0442\u043e\u043f\u043b\u0438\u0432\u0430 \u0438 \u0442\u043e\u043f\u043e\u0447\u043d\u043e\u0433\u043e \u043c\u0430\u0437\u0443\u0442\u0430, \u0442\u043e\u043f\u043e\u0447\u043d\u044b\u0445 \u043c\u0430\u0441\u0435\u043b. \u0412\u043c\u0435\u0441\u0442\u0435 \u0441 \u0442\u0435\u043c, \u0432\u044b\u043f\u043e\u043b\u043d\u044f\u0435\u0442 \u0438 \u0444\u0443\u043d\u043a\u0446\u0438\u044e \u0433\u0438\u0434\u0440\u043e\u0438\u0437\u043e\u043b\u044f\u0446\u0438\u0438, \u0438 \u0434\u0435\u0439\u0441\u0442\u0432\u0443\u0435\u0442 \u0432 \u043a\u0430\u0447\u0435\u0441\u0442\u0432\u0435 \u044d\u0444\u0444\u0435\u043a\u0442\u0438\u0432\u043d\u043e\u0433\u043e \u043f\u0440\u043e\u0442\u0438\u0432\u043e\u0440\u0430\u0434\u043e\u043d\u043e\u0432\u043e\u0433\u043e \u0431\u0430\u0440\u044c\u0435\u0440\u0430. \u041d\u0435\u043b\u044c\u0437\u044f \u0438\u0441\u043f\u043e\u043b\u044c\u0437\u043e\u0432\u0430\u0442\u044c \u0434\u043b\u044f \u043b\u0438\u0446\u0435\u0432\u043e\u0439 \u0438\u0437\u043e\u043b\u044f\u0446\u0438\u0438 \u0440\u0435\u0437\u0435\u0440\u0432\u0443\u0430\u0440\u043e\u0432, \u043f\u0440\u0435\u0434\u043d\u0430\u0437\u043d\u0430\u0447\u0435\u043d\u043d\u044b\u0445 \u0434\u043b\u044f \u0445\u0440\u0430\u043d\u0435\u043d\u0438\u044f \u043d\u0435\u0444\u0442\u044f\u043d\u044b\u0445 \u0444\u0440\u0430\u043a\u0446\u0438\u0439.<\/div>\n","protected":false},"featured_media":5321,"parent":11654,"menu_order":1,"template":"","product_color":[157],"product_use":[],"class_list":["post-11657","product","type-product","status-publish","has-post-thumbnail","hentry","product_color-cerna-ru"],"_links":{"self":[{"href":"https:\/\/www.fatrafol.cz\/ru\/wp-json\/wp\/v2\/product\/11657","targetHints":{"allow":["GET"]}}],"collection":[{"href":"https:\/\/www.fatrafol.cz\/ru\/wp-json\/wp\/v2\/product"}],"about":[{"href":"https:\/\/www.fatrafol.cz\/ru\/wp-json\/wp\/v2\/types\/product"}],"version-history":[{"count":5,"href":"https:\/\/www.fatrafol.cz\/ru\/wp-json\/wp\/v2\/product\/11657\/revisions"}],"predecessor-version":[{"id":56473,"href":"https:\/\/www.fatrafol.cz\/ru\/wp-json\/wp\/v2\/product\/11657\/revisions\/56473"}],"up":[{"embeddable":true,"href":"https:\/\/www.fatrafol.cz\/ru\/wp-json\/wp\/v2\/product\/11654"}],"wp:featuredmedia":[{"embeddable":true,"href":"https:\/\/www.fatrafol.cz\/ru\/wp-json\/wp\/v2\/media\/5321"}],"wp:attachment":[{"href":"https:\/\/www.fatrafol.cz\/ru\/wp-json\/wp\/v2\/media?parent=11657"}],"wp:term":[{"taxonomy":"product_color","embeddable":true,"href":"https:\/\/www.fatrafol.cz\/ru\/wp-json\/wp\/v2\/product_color?post=11657"},{"taxonomy":"product_use","embeddable":true,"href":"https:\/\/www.fatrafol.cz\/ru\/wp-json\/wp\/v2\/product_use?post=11657"}],"curies":[{"name":"wp","href":"https:\/\/api.w.org\/{rel}","templated":true}]}}