{"id":11648,"date":"2016-02-04T11:43:21","date_gmt":"2016-02-04T10:43:21","guid":{"rendered":"http:\/\/www.fatrafol.cz\/ru\/produkty\/izolace-strechy\/lepena-strecha\/fatrafol-807v\/"},"modified":"2024-04-30T10:40:57","modified_gmt":"2024-04-30T08:40:57","slug":"fatrafol-807v","status":"publish","type":"product","link":"https:\/\/www.fatrafol.cz\/ru\/products\/roof-waterproofing-membranes\/adhesive-roof-systems\/fatrafol-807v\/","title":{"rendered":"FATRAFOL 807\/V"},"content":{"rendered":"\n<h4 class=\"wp-block-cgb-block-ftr-product-heading product-block-title\">\u0418\u043d\u0441\u0442\u0440\u0443\u043a\u0446\u0438\u044f \u043f\u043e \u043f\u0440\u0438\u043c\u0435\u043d\u0435\u043d\u0438\u044e<\/h4>\n\n\n<div class=\"row instructions\">\n<div style=\"text-align: justify;\">\n<p>\u041c\u043e\u043d\u0442\u0430\u0436 \u043c\u0435\u043c\u0431\u0440\u0430\u043d\u044b \u043d\u0430 \u0441\u0442\u0440\u043e\u0438\u0442\u0435\u043b\u044c\u043d\u044b\u0445 \u043e\u0431\u044a\u0435\u043a\u0442\u0430\u0445 \u043c\u043e\u0433\u0443\u0442 \u043f\u0440\u043e\u0432\u043e\u0434\u0438\u0442\u044c \u0442\u043e\u043b\u044c\u043a\u043e \u0441\u043f\u0435\u0446\u0438\u0430\u043b\u0438\u0437\u0438\u0440\u043e\u0432\u0430\u043d\u043d\u044b\u0435 \u0438 \u043e\u0431\u0443\u0447\u0435\u043d\u043d\u044b\u0435 \u0434\u043b\u044f \u044d\u0442\u043e\u0439 \u0446\u0435\u043b\u0438 \u0444\u0438\u0440\u043c\u044b. \u041c\u0435\u043c\u0431\u0440\u0430\u043d\u0430 \u043f\u0440\u0438\u043c\u0435\u043d\u044f\u0435\u0442\u0441\u044f \u0432 \u0441\u043e\u043e\u0442\u0432\u0435\u0442\u0441\u0442\u0432\u0438\u0438 \u0441 \u043f\u0440\u0438\u043d\u0446\u0438\u043f\u0430\u043c\u0438, \u0443\u0441\u0442\u0430\u043d\u043e\u0432\u043b\u0435\u043d\u043d\u044b\u043c\u0438 \u0432 \u0438\u043d\u0441\u0442\u0440\u0443\u043a\u0446\u0438\u0438 \u043f\u043e \u043c\u043e\u043d\u0442\u0430\u0436\u0443 \u043c\u0435\u043c\u0431\u0440\u0430\u043d\u044b FATRAFOL-S.<\/p>\n<\/div>\n<\/div>\n\n\n<hr class=\"wp-block-cgb-block-ftr-product-section-line ftr-product-block-separator\"\/>\n\n\n\n<h4 class=\"wp-block-cgb-block-ftr-product-heading product-block-title\">\u0421\u043f\u0435\u0446\u0438\u0444\u0438\u043a\u0430\u0446\u0438\u044f<\/h4>\n\n\n<div class=\"row specifications\">\n<div class=\"six columns\">\n<ul>\n<li style=\"text-align: justify;\">\n<p>\u043c\u0435\u043c\u0431\u0440\u0430\u043d\u0430 \u043d\u0430 \u043e\u0441\u043d\u043e\u0432\u0435 \u043f\u043b\u0430\u0441\u0442\u0438\u0444\u0438\u0446\u0438\u0440\u043e\u0432\u0430\u043d\u043d\u043e\u0433\u043e \u043f\u043e\u043b\u0438\u0432\u0438\u043d\u0438\u043b\u0445\u043b\u043e\u0440\u0438\u0434\u0430 (PVC-P) \u0441 \u043f\u043e\u0434\u043a\u043b\u0430\u0434\u043e\u0447\u043d\u044b\u043c \u0441\u043b\u043e\u0435\u043c \u0438\u0437 \u043d\u0435\u0442\u043a\u0430\u043d\u043e\u0433\u043e \u043f\u043e\u043b\u0438\u044d\u0444\u0438\u0440\u043d\u043e\u0433\u043e (PES) \u0442\u0435\u043a\u0441\u0442\u0438\u043b\u044f \u043f\u043b\u043e\u0442\u043d\u043e\u0441\u0442\u044c\u044e 120 \u0433\/\u043c2<\/p>\n<\/li>\n<li style=\"text-align: justify;\">\n<p>\u043c\u0435\u043c\u0431\u0440\u0430\u043d\u0430 \u0443\u0441\u0442\u043e\u0439\u0447\u0438\u0432\u0430 \u043a \u0443\u043b\u044c\u0442\u0440\u0430\u0444\u0438\u043e\u043b\u0435\u0442\u043e\u0432\u043e\u043c\u0443 \u0438\u0437\u043b\u0443\u0447\u0435\u043d\u0438\u044e (UV), \u0438 \u043c\u043e\u0436\u0435\u0442 \u0431\u044b\u0442\u044c \u043f\u043e\u0434\u0432\u0435\u0440\u0436\u0435\u043d\u0430 \u043f\u0440\u044f\u043c\u044b\u043c \u0430\u0442\u043c\u043e\u0441\u0444\u0435\u0440\u043d\u044b\u043c \u0432\u043e\u0437\u0434\u0435\u0439\u0441\u0442\u0432\u0438\u044f\u043c<\/p>\n<\/li>\n<\/ul>\n<\/div>\n<div class=\"six columns\">\n<ul>\n<li>\n<p>\u043d\u0435\u043b\u044c\u0437\u044f \u043f\u0440\u043e\u0432\u043e\u0434\u0438\u0442\u044c \u0443\u043a\u043b\u0430\u0434\u043a\u0443 \u043d\u0435\u043f\u043e\u0441\u0440\u0435\u0434\u0441\u0442\u0432\u0435\u043d\u043d\u043e \u043d\u0430 \u0431\u0438\u0442\u0443\u043c<\/p>\n<\/li>\n<li>\n<p>\u043e\u0434\u0438\u043d \u0431\u043e\u043a\u043e\u0432\u043e\u0439 \u043a\u0440\u0430\u0439 \u043c\u0435\u043c\u0431\u0440\u0430\u043d\u044b \u043e\u0441\u0442\u0430\u0432\u043b\u0435\u043d \u0431\u0435\u0437 \u043d\u0435\u0442\u043a\u0430\u043d\u043e\u0433\u043e \u0442\u0435\u043a\u0441\u0442\u0438\u043b\u044f \u0434\u043b\u044f \u0432\u043e\u0437\u043c\u043e\u0436\u043d\u043e\u0441\u0442\u0438 \u043f\u0440\u043e\u0434\u043e\u043b\u044c\u043d\u043e\u0433\u043e \u0441\u043e\u0435\u0434\u0438\u043d\u0435\u043d\u0438\u044f\/\u0441\u0432\u0430\u0440\u0438\u0432\u0430\u043d\u0438\u044f \u043f\u043e\u043b\u043e\u0441 \u043f\u043b\u0435\u043d\u043a\u0438<\/p>\n<\/li>\n<\/ul>\n<\/div>\n<\/div>\n\n\n<hr class=\"wp-block-cgb-block-ftr-product-section-line ftr-product-block-separator\"\/>\n\n\n\n<h4 class=\"wp-block-cgb-block-ftr-product-heading product-block-title\">\u0420\u0430\u0437\u043c\u0435\u0440\u044b<\/h4>\n\n\n\n<figure class=\"wp-block-table is-style-stripes\"><table><tbody><tr><td class=\"has-text-align-center\" data-align=\"center\"><strong>\u0422\u043e\u043b\u0449\u0438\u043d\u0430 (\u043c\u043c)<\/strong><\/td><td class=\"has-text-align-center\" data-align=\"center\"><strong>\u0428\u0438\u0440\u0438\u043d\u0430 (\u043c\u043c)<\/strong><\/td><td class=\"has-text-align-center\" data-align=\"center\"><strong>\u0412\u0435\u0441 \u0440\u0443\u043b\u043e\u043d\u0430 (\u043a\u0433)<\/strong><\/td><td class=\"has-text-align-center\" data-align=\"center\"><strong>\u0420\u0443\u043b\u043e\u043d (\u043c\u00b2)<\/strong><\/td><\/tr><tr><td class=\"has-text-align-center\" data-align=\"center\">1,5 (2,10)<\/td><td class=\"has-text-align-center\" data-align=\"center\">2050<\/td><td class=\"has-text-align-center\" data-align=\"center\">66<\/td><td class=\"has-text-align-center\" data-align=\"center\">32,8<\/td><\/tr><tr><td class=\"has-text-align-center\" data-align=\"center\">2,0 (2,60)<\/td><td class=\"has-text-align-center\" data-align=\"center\">2050<\/td><td class=\"has-text-align-center\" data-align=\"center\">47<\/td><td class=\"has-text-align-center\" data-align=\"center\">26,7<\/td><\/tr><\/tbody><\/table><\/figure>\n\n\n\n<hr class=\"wp-block-cgb-block-ftr-product-section-line ftr-product-block-separator\"\/>\n\n\n<h5>\u0426\u0432\u0435\u0442\u0430 \u043c\u0435\u043c\u0431\u0440\u0430\u043d\u044b<\/h5>\n<ul class=\"product_terms_list\"><li><span title=\"\u0441\u0432\u0435\u0442\u043b\u043e-\u0441\u0435\u0440\u044b\u0439, RAL 7035\"><div style=\"background-color:#c5c7c4\" class=\"list_icon\">&nbsp;<\/div>\u0441\u0432\u0435\u0442\u043b\u043e-\u0441\u0435\u0440\u044b\u0439, RAL 7035<\/span><\/li><li><span title=\"\u0442\u0435\u043c\u043d\u043e-\u0441\u0435\u0440\u044b\u0439, RAL 7012\"><div style=\"background-color:#878787\" class=\"list_icon\">&nbsp;<\/div>\u0442\u0435\u043c\u043d\u043e-\u0441\u0435\u0440\u044b\u0439, RAL 7012<\/span><\/li><\/ul>\n\n\n<hr class=\"wp-block-cgb-block-ftr-product-section-line ftr-product-block-separator\"\/>\n\n\n\n<h4 class=\"wp-block-cgb-block-ftr-product-heading product-block-title\">\u0420\u0435\u0444\u0435\u0440\u0435\u043d\u0446\u0438\u0438<\/h4>\n\n\n<div class=\"row gallery\"><div id='gallery-1' class='gallery galleryid-11648 gallery-columns-4 gallery-size-medium'><figure class='gallery-item'>\n\t\t\t<div class='gallery-icon landscape'>\n\t\t\t\t<a href='https:\/\/www.fatrafol.cz\/wp-content\/uploads\/2016\/02\/WERK_arena_Trinec_web.jpg'><img decoding=\"async\" width=\"300\" height=\"200\" data-src=\"https:\/\/www.fatrafol.cz\/wp-content\/uploads\/2016\/02\/WERK_arena_Trinec_web-300x200.jpg\" class=\"attachment-medium size-medium lazyload\" alt=\"St\u0159e\u0161n\u00ed izolace Fatrafol, WERK Arena, T\u0159inec\" aria-describedby=\"gallery-1-10271\" data-srcset=\"https:\/\/www.fatrafol.cz\/wp-content\/uploads\/2016\/02\/WERK_arena_Trinec_web-300x200.jpg 300w, https:\/\/www.fatrafol.cz\/wp-content\/uploads\/2016\/02\/WERK_arena_Trinec_web-768x512.jpg 768w, https:\/\/www.fatrafol.cz\/wp-content\/uploads\/2016\/02\/WERK_arena_Trinec_web.jpg 800w\" data-sizes=\"(max-width: 300px) 100vw, 300px\" src=\"data:image\/svg+xml;base64,PHN2ZyB3aWR0aD0iMSIgaGVpZ2h0PSIxIiB4bWxucz0iaHR0cDovL3d3dy53My5vcmcvMjAwMC9zdmciPjwvc3ZnPg==\" style=\"--smush-placeholder-width: 300px; --smush-placeholder-aspect-ratio: 300\/200;\" \/><\/a>\n\t\t\t<\/div>\n\t\t\t\t<figcaption class='wp-caption-text gallery-caption' id='gallery-1-10271'>\n\t\t\t\tWERK Arena, T\u0159inec,  Fatrafol 810\/V a 818\/V, 6000 m2\n\t\t\t\t<\/figcaption><\/figure><figure class='gallery-item'>\n\t\t\t<div class='gallery-icon landscape'>\n\t\t\t\t<a href='https:\/\/www.fatrafol.cz\/wp-content\/uploads\/2016\/02\/Tr.Ed_Benese_Hradec_Kralove_web.jpg'><img decoding=\"async\" width=\"300\" height=\"200\" data-src=\"https:\/\/www.fatrafol.cz\/wp-content\/uploads\/2016\/02\/Tr.Ed_Benese_Hradec_Kralove_web-300x200.jpg\" class=\"attachment-medium size-medium lazyload\" alt=\"Zemn\u00ed izolace Fatrafol, t\u0159. E. Bene\u0161e, Hradec Kr\u00e1lov\u00e9\" aria-describedby=\"gallery-1-10268\" data-srcset=\"https:\/\/www.fatrafol.cz\/wp-content\/uploads\/2016\/02\/Tr.Ed_Benese_Hradec_Kralove_web-300x200.jpg 300w, https:\/\/www.fatrafol.cz\/wp-content\/uploads\/2016\/02\/Tr.Ed_Benese_Hradec_Kralove_web-768x512.jpg 768w, https:\/\/www.fatrafol.cz\/wp-content\/uploads\/2016\/02\/Tr.Ed_Benese_Hradec_Kralove_web.jpg 800w\" data-sizes=\"(max-width: 300px) 100vw, 300px\" src=\"data:image\/svg+xml;base64,PHN2ZyB3aWR0aD0iMSIgaGVpZ2h0PSIxIiB4bWxucz0iaHR0cDovL3d3dy53My5vcmcvMjAwMC9zdmciPjwvc3ZnPg==\" style=\"--smush-placeholder-width: 300px; --smush-placeholder-aspect-ratio: 300\/200;\" \/><\/a>\n\t\t\t<\/div>\n\t\t\t\t<figcaption class='wp-caption-text gallery-caption' id='gallery-1-10268'>\n\t\t\t\tT\u0159. Edv. Bene\u0161e, Hradec Kr\u00e1lov\u00e9, Fatrafol 803\/V, 40 000 m2\n\t\t\t\t<\/figcaption><\/figure><figure class='gallery-item'>\n\t\t\t<div class='gallery-icon landscape'>\n\t\t\t\t<a href='https:\/\/www.fatrafol.cz\/wp-content\/uploads\/2016\/02\/Svetova-ul_Praha_web.jpg'><img decoding=\"async\" width=\"300\" height=\"200\" data-src=\"https:\/\/www.fatrafol.cz\/wp-content\/uploads\/2016\/02\/Svetova-ul_Praha_web-300x200.jpg\" class=\"attachment-medium size-medium lazyload\" alt=\"St\u0159e\u0161n\u00ed izolace Fatrafol. ul. Sv\u011btov\u00e1, Praha\" aria-describedby=\"gallery-1-10265\" data-srcset=\"https:\/\/www.fatrafol.cz\/wp-content\/uploads\/2016\/02\/Svetova-ul_Praha_web-300x200.jpg 300w, https:\/\/www.fatrafol.cz\/wp-content\/uploads\/2016\/02\/Svetova-ul_Praha_web-768x512.jpg 768w, https:\/\/www.fatrafol.cz\/wp-content\/uploads\/2016\/02\/Svetova-ul_Praha_web.jpg 800w\" data-sizes=\"(max-width: 300px) 100vw, 300px\" src=\"data:image\/svg+xml;base64,PHN2ZyB3aWR0aD0iMSIgaGVpZ2h0PSIxIiB4bWxucz0iaHR0cDovL3d3dy53My5vcmcvMjAwMC9zdmciPjwvc3ZnPg==\" style=\"--smush-placeholder-width: 300px; --smush-placeholder-aspect-ratio: 300\/200;\" \/><\/a>\n\t\t\t<\/div>\n\t\t\t\t<figcaption class='wp-caption-text gallery-caption' id='gallery-1-10265'>\n\t\t\t\tUl. Sv\u011btov\u00e1 1, Praha, Fatrafol 810, 1000 m2\n\t\t\t\t<\/figcaption><\/figure><figure class='gallery-item'>\n\t\t\t<div class='gallery-icon landscape'>\n\t\t\t\t<a href='https:\/\/www.fatrafol.cz\/wp-content\/uploads\/2016\/02\/Snezka_web.jpg'><img decoding=\"async\" width=\"300\" height=\"200\" data-src=\"https:\/\/www.fatrafol.cz\/wp-content\/uploads\/2016\/02\/Snezka_web-300x200.jpg\" class=\"attachment-medium size-medium lazyload\" alt=\"St\u0159e\u0161n\u00ed izolace Fatrafol, Sn\u011b\u017eka\" aria-describedby=\"gallery-1-10262\" data-srcset=\"https:\/\/www.fatrafol.cz\/wp-content\/uploads\/2016\/02\/Snezka_web-300x200.jpg 300w, https:\/\/www.fatrafol.cz\/wp-content\/uploads\/2016\/02\/Snezka_web-768x512.jpg 768w, https:\/\/www.fatrafol.cz\/wp-content\/uploads\/2016\/02\/Snezka_web.jpg 800w\" data-sizes=\"(max-width: 300px) 100vw, 300px\" src=\"data:image\/svg+xml;base64,PHN2ZyB3aWR0aD0iMSIgaGVpZ2h0PSIxIiB4bWxucz0iaHR0cDovL3d3dy53My5vcmcvMjAwMC9zdmciPjwvc3ZnPg==\" style=\"--smush-placeholder-width: 300px; --smush-placeholder-aspect-ratio: 300\/200;\" \/><\/a>\n\t\t\t<\/div>\n\t\t\t\t<figcaption class='wp-caption-text gallery-caption' id='gallery-1-10262'>\n\t\t\t\tHorn\u00ed stanice lanovky, Sn\u011b\u017eka, Fatrafol 810\/V s dez\u00e9nem, 1500 m2\n\t\t\t\t<\/figcaption><\/figure><figure class='gallery-item'>\n\t\t\t<div class='gallery-icon landscape'>\n\t\t\t\t<a href='https:\/\/www.fatrafol.cz\/wp-content\/uploads\/2016\/02\/sklad_EGE_web.jpg'><img decoding=\"async\" width=\"300\" height=\"200\" data-src=\"https:\/\/www.fatrafol.cz\/wp-content\/uploads\/2016\/02\/sklad_EGE_web-300x200.jpg\" class=\"attachment-medium size-medium lazyload\" alt=\"St\u0159e\u0161n\u00ed izolace Fatrafol, sklad firmy EGE\" aria-describedby=\"gallery-1-10259\" data-srcset=\"https:\/\/www.fatrafol.cz\/wp-content\/uploads\/2016\/02\/sklad_EGE_web-300x200.jpg 300w, https:\/\/www.fatrafol.cz\/wp-content\/uploads\/2016\/02\/sklad_EGE_web-768x512.jpg 768w, https:\/\/www.fatrafol.cz\/wp-content\/uploads\/2016\/02\/sklad_EGE_web.jpg 800w\" data-sizes=\"(max-width: 300px) 100vw, 300px\" src=\"data:image\/svg+xml;base64,PHN2ZyB3aWR0aD0iMSIgaGVpZ2h0PSIxIiB4bWxucz0iaHR0cDovL3d3dy53My5vcmcvMjAwMC9zdmciPjwvc3ZnPg==\" style=\"--smush-placeholder-width: 300px; --smush-placeholder-aspect-ratio: 300\/200;\" \/><\/a>\n\t\t\t<\/div>\n\t\t\t\t<figcaption class='wp-caption-text gallery-caption' id='gallery-1-10259'>\n\t\t\t\tSklad firmy EGE, Fatrafol 810, 16 000m2\n\t\t\t\t<\/figcaption><\/figure><figure class='gallery-item'>\n\t\t\t<div class='gallery-icon landscape'>\n\t\t\t\t<a href='https:\/\/www.fatrafol.cz\/wp-content\/uploads\/2016\/02\/PWO_Unitools_web.jpg'><img decoding=\"async\" width=\"300\" height=\"200\" data-src=\"https:\/\/www.fatrafol.cz\/wp-content\/uploads\/2016\/02\/PWO_Unitools_web-300x200.jpg\" class=\"attachment-medium size-medium lazyload\" alt=\"St\u0159e\u0161n\u00ed izolace Fatrafol, PWO Unitools\" aria-describedby=\"gallery-1-10256\" data-srcset=\"https:\/\/www.fatrafol.cz\/wp-content\/uploads\/2016\/02\/PWO_Unitools_web-300x200.jpg 300w, https:\/\/www.fatrafol.cz\/wp-content\/uploads\/2016\/02\/PWO_Unitools_web-768x512.jpg 768w, https:\/\/www.fatrafol.cz\/wp-content\/uploads\/2016\/02\/PWO_Unitools_web.jpg 800w\" data-sizes=\"(max-width: 300px) 100vw, 300px\" src=\"data:image\/svg+xml;base64,PHN2ZyB3aWR0aD0iMSIgaGVpZ2h0PSIxIiB4bWxucz0iaHR0cDovL3d3dy53My5vcmcvMjAwMC9zdmciPjwvc3ZnPg==\" style=\"--smush-placeholder-width: 300px; --smush-placeholder-aspect-ratio: 300\/200;\" \/><\/a>\n\t\t\t<\/div>\n\t\t\t\t<figcaption class='wp-caption-text gallery-caption' id='gallery-1-10256'>\n\t\t\t\tPWO Unitools, Fatrafol 810\/V, 10 000m2\n\t\t\t\t<\/figcaption><\/figure><figure class='gallery-item'>\n\t\t\t<div class='gallery-icon landscape'>\n\t\t\t\t<a href='https:\/\/www.fatrafol.cz\/wp-content\/uploads\/2016\/02\/OC_Borek_web.jpg'><img decoding=\"async\" width=\"300\" height=\"200\" data-src=\"https:\/\/www.fatrafol.cz\/wp-content\/uploads\/2016\/02\/OC_Borek_web-300x200.jpg\" class=\"attachment-medium size-medium lazyload\" alt=\"St\u0159e\u0161n\u00ed izolace Fatrafol, OC Borek\" aria-describedby=\"gallery-1-10253\" data-srcset=\"https:\/\/www.fatrafol.cz\/wp-content\/uploads\/2016\/02\/OC_Borek_web-300x200.jpg 300w, https:\/\/www.fatrafol.cz\/wp-content\/uploads\/2016\/02\/OC_Borek_web-768x512.jpg 768w, https:\/\/www.fatrafol.cz\/wp-content\/uploads\/2016\/02\/OC_Borek_web.jpg 800w\" data-sizes=\"(max-width: 300px) 100vw, 300px\" src=\"data:image\/svg+xml;base64,PHN2ZyB3aWR0aD0iMSIgaGVpZ2h0PSIxIiB4bWxucz0iaHR0cDovL3d3dy53My5vcmcvMjAwMC9zdmciPjwvc3ZnPg==\" style=\"--smush-placeholder-width: 300px; --smush-placeholder-aspect-ratio: 300\/200;\" \/><\/a>\n\t\t\t<\/div>\n\t\t\t\t<figcaption class='wp-caption-text gallery-caption' id='gallery-1-10253'>\n\t\t\t\tOC Borek, Fatrafol 810, 1800 m2\n\t\t\t\t<\/figcaption><\/figure><figure class='gallery-item'>\n\t\t\t<div class='gallery-icon landscape'>\n\t\t\t\t<a href='https:\/\/www.fatrafol.cz\/wp-content\/uploads\/2016\/02\/MS_Meziskolska_web.jpg'><img decoding=\"async\" width=\"300\" height=\"200\" data-src=\"https:\/\/www.fatrafol.cz\/wp-content\/uploads\/2016\/02\/MS_Meziskolska_web-300x200.jpg\" class=\"attachment-medium size-medium lazyload\" alt=\"St\u0159e\u0161n\u00ed izolace Fatrafol, M\u0160 Mezi\u0161kolsk\u00e1, Praha\" aria-describedby=\"gallery-1-10250\" data-srcset=\"https:\/\/www.fatrafol.cz\/wp-content\/uploads\/2016\/02\/MS_Meziskolska_web-300x200.jpg 300w, https:\/\/www.fatrafol.cz\/wp-content\/uploads\/2016\/02\/MS_Meziskolska_web-768x512.jpg 768w, https:\/\/www.fatrafol.cz\/wp-content\/uploads\/2016\/02\/MS_Meziskolska_web.jpg 800w\" data-sizes=\"(max-width: 300px) 100vw, 300px\" src=\"data:image\/svg+xml;base64,PHN2ZyB3aWR0aD0iMSIgaGVpZ2h0PSIxIiB4bWxucz0iaHR0cDovL3d3dy53My5vcmcvMjAwMC9zdmciPjwvc3ZnPg==\" style=\"--smush-placeholder-width: 300px; --smush-placeholder-aspect-ratio: 300\/200;\" \/><\/a>\n\t\t\t<\/div>\n\t\t\t\t<figcaption class='wp-caption-text gallery-caption' id='gallery-1-10250'>\n\t\t\t\tM\u0160 Mezi\u0161kolsk\u00e1, Praha, Fatrafol 810\/V, 500 m2\n\t\t\t\t<\/figcaption><\/figure><figure class='gallery-item'>\n\t\t\t<div class='gallery-icon landscape'>\n\t\t\t\t<a href='https:\/\/www.fatrafol.cz\/wp-content\/uploads\/2016\/02\/LPM_Jicin_web.jpg'><img decoding=\"async\" width=\"300\" height=\"200\" data-src=\"https:\/\/www.fatrafol.cz\/wp-content\/uploads\/2016\/02\/LPM_Jicin_web-300x200.jpg\" class=\"attachment-medium size-medium lazyload\" alt=\"St\u0159e\u0161n\u00ed izolace Fatrafol, LPM, Ji\u010d\u00edn\" aria-describedby=\"gallery-1-10247\" data-srcset=\"https:\/\/www.fatrafol.cz\/wp-content\/uploads\/2016\/02\/LPM_Jicin_web-300x200.jpg 300w, https:\/\/www.fatrafol.cz\/wp-content\/uploads\/2016\/02\/LPM_Jicin_web-768x512.jpg 768w, https:\/\/www.fatrafol.cz\/wp-content\/uploads\/2016\/02\/LPM_Jicin_web.jpg 800w\" data-sizes=\"(max-width: 300px) 100vw, 300px\" src=\"data:image\/svg+xml;base64,PHN2ZyB3aWR0aD0iMSIgaGVpZ2h0PSIxIiB4bWxucz0iaHR0cDovL3d3dy53My5vcmcvMjAwMC9zdmciPjwvc3ZnPg==\" style=\"--smush-placeholder-width: 300px; --smush-placeholder-aspect-ratio: 300\/200;\" \/><\/a>\n\t\t\t<\/div>\n\t\t\t\t<figcaption class='wp-caption-text gallery-caption' id='gallery-1-10247'>\n\t\t\t\tLPM, Ji\u010d\u00edn, Fatrafol P918\/SG-PV, 3 300 m2\n\t\t\t\t<\/figcaption><\/figure><figure class='gallery-item'>\n\t\t\t<div class='gallery-icon landscape'>\n\t\t\t\t<a href='https:\/\/www.fatrafol.cz\/wp-content\/uploads\/2016\/02\/Skoda_Kvasiny_web.jpg'><img decoding=\"async\" width=\"300\" height=\"191\" data-src=\"https:\/\/www.fatrafol.cz\/wp-content\/uploads\/2016\/02\/Skoda_Kvasiny_web-300x191.jpg\" class=\"attachment-medium size-medium lazyload\" alt=\"St\u0159e\u0161n\u00ed izolace Fatrafol, \u0160koda Auto, Kvasiny\" aria-describedby=\"gallery-1-10244\" data-srcset=\"https:\/\/www.fatrafol.cz\/wp-content\/uploads\/2016\/02\/Skoda_Kvasiny_web-300x191.jpg 300w, https:\/\/www.fatrafol.cz\/wp-content\/uploads\/2016\/02\/Skoda_Kvasiny_web-768x488.jpg 768w, https:\/\/www.fatrafol.cz\/wp-content\/uploads\/2016\/02\/Skoda_Kvasiny_web.jpg 800w\" data-sizes=\"(max-width: 300px) 100vw, 300px\" src=\"data:image\/svg+xml;base64,PHN2ZyB3aWR0aD0iMSIgaGVpZ2h0PSIxIiB4bWxucz0iaHR0cDovL3d3dy53My5vcmcvMjAwMC9zdmciPjwvc3ZnPg==\" style=\"--smush-placeholder-width: 300px; --smush-placeholder-aspect-ratio: 300\/191;\" \/><\/a>\n\t\t\t<\/div>\n\t\t\t\t<figcaption class='wp-caption-text gallery-caption' id='gallery-1-10244'>\n\t\t\t\t\u0160koda, Kvasiny, Fatrafol 810\/V, 35 000 m2\n\t\t\t\t<\/figcaption><\/figure><figure class='gallery-item'>\n\t\t\t<div class='gallery-icon landscape'>\n\t\t\t\t<a href='https:\/\/www.fatrafol.cz\/wp-content\/uploads\/2016\/02\/DD_Park_web.jpg'><img decoding=\"async\" width=\"300\" height=\"200\" data-src=\"https:\/\/www.fatrafol.cz\/wp-content\/uploads\/2016\/02\/DD_Park_web-300x200.jpg\" class=\"attachment-medium size-medium lazyload\" alt=\"St\u0159e\u0161n\u00ed izolace Fatrafol, D+D park, Kosmonosy\" aria-describedby=\"gallery-1-10241\" data-srcset=\"https:\/\/www.fatrafol.cz\/wp-content\/uploads\/2016\/02\/DD_Park_web-300x200.jpg 300w, https:\/\/www.fatrafol.cz\/wp-content\/uploads\/2016\/02\/DD_Park_web-768x512.jpg 768w, https:\/\/www.fatrafol.cz\/wp-content\/uploads\/2016\/02\/DD_Park_web.jpg 800w\" data-sizes=\"(max-width: 300px) 100vw, 300px\" src=\"data:image\/svg+xml;base64,PHN2ZyB3aWR0aD0iMSIgaGVpZ2h0PSIxIiB4bWxucz0iaHR0cDovL3d3dy53My5vcmcvMjAwMC9zdmciPjwvc3ZnPg==\" style=\"--smush-placeholder-width: 300px; --smush-placeholder-aspect-ratio: 300\/200;\" \/><\/a>\n\t\t\t<\/div>\n\t\t\t\t<figcaption class='wp-caption-text gallery-caption' id='gallery-1-10241'>\n\t\t\t\tD+D Park, Fatrafol 810\/V, 95 000 m2\n\t\t\t\t<\/figcaption><\/figure>\n\t\t<\/div>\n<\/div>\n\n\n<hr class=\"wp-block-cgb-block-ftr-product-section-line ftr-product-block-separator\"\/>\n","protected":false},"excerpt":{"rendered":"<div style=\"text-align: justify;\">\n<p style=\"text-align: justify;\">\u041c\u0435\u043c\u0431\u0440\u0430\u043d\u0430 FATRAFOL 807\/V \u0441 \u043d\u0438\u0436\u043d\u0435\u0439 \u0441\u0442\u043e\u0440\u043e\u043d\u044b \u0438\u043c\u0435\u0435\u0442 \u043f\u043e\u0434\u043a\u043b\u0430\u0434\u043e\u0447\u043d\u044b\u0439 \u0441\u043b\u043e\u0439 \u0438\u0437 \u043f\u043e\u043b\u0438\u044d\u0444\u0438\u0440\u043d\u043e\u0433\u043e (PES) \u0442\u0435\u043a\u0441\u0442\u0438\u043b\u044f \u0441 \u043f\u043e\u0432\u0435\u0440\u0445\u043d\u043e\u0441\u0442\u043d\u043e\u0439 \u043f\u043b\u043e\u0442\u043d\u043e\u0441\u0442\u044c\u044e 120 \u0433\/\u043c2. \u041e\u043d\u0430 \u043f\u0440\u0435\u0434\u043d\u0430\u0437\u043d\u0430\u0447\u0435\u043d\u0430 \u0434\u043b\u044f \u043d\u0435\u043f\u043e\u0441\u0440\u0435\u0434\u0441\u0442\u0432\u0435\u043d\u043d\u043e\u0433\u043e \u043d\u0430\u043a\u043b\u0435\u0438\u0432\u0430\u043d\u0438\u044f, \u0433\u043b\u0430\u0432\u043d\u044b\u043c \u043e\u0431\u0440\u0430\u0437\u043e\u043c, \u043d\u0430 \u0441\u043b\u043e\u0438 \u0442\u0435\u043f\u043b\u043e\u0432\u043e\u0439 \u0438\u0437\u043e\u043b\u044f\u0446\u0438\u0438 \u043d\u0430 \u0431\u0430\u0437\u0435 \u043f\u043e\u043b\u0438\u0438\u0437\u043e\u0446\u0438\u0430\u043d\u0443\u0440\u0430\u0442\u043d\u043e\u0439 \u043f\u0435\u043d\u044b (PIR) \u0438 \u043f\u0435\u043d\u043e\u043e\u0431\u0440\u0430\u0437\u043d\u043e\u0433\u043e \u043f\u043e\u043b\u0438\u0441\u0442\u0438\u0440\u043e\u043b\u0430 \/ \u043f\u0435\u043d\u043e\u043f\u043e\u043b\u0438\u0441\u0442\u0438\u0440\u043e\u043b\u0430 (EPS) \u0438\u043b\u0438 \u043d\u0430 \u0434\u0440\u0443\u0433\u0438\u0435 \u043f\u0440\u0438\u0435\u043c\u043b\u0435\u043c\u044b\u0435 \u043e\u0441\u043d\u043e\u0432\u0430\u043d\u0438\u044f, \u043d\u0430\u043f\u0440\u0438\u043c\u0435\u0440, \u043d\u0430 \u043e\u0440\u0438\u0435\u043d\u0442\u0438\u0440\u043e\u0432\u0430\u043d\u043e-\u0441\u0442\u0440\u0443\u0436\u0435\u0447\u043d\u044b\u0435 \u043f\u043b\u0438\u0442\u044b (\u041e\u0421\u041f\/OSB), \u043d\u0430 \u0446\u0435\u043c\u0435\u043d\u0442\u043d\u043e-\u0441\u0442\u0440\u0443\u0436\u0435\u0447\u043d\u044b\u0435 \u043f\u043b\u0438\u0442\u044b Cetris \u0438 \u0442.\u0434. \u041c\u0435\u043c\u0431\u0440\u0430\u043d\u0430 \u043d\u0435 \u043f\u043e\u0434\u0445\u043e\u0434\u0438\u0442 \u043d\u0438 \u0434\u043b\u044f \u043d\u0430\u043a\u043b\u0435\u0438\u0432\u0430\u043d\u0438\u044f \u043d\u0430 \u0431\u0438\u0442\u0443\u043c\u043d\u044b\u0435 \u043f\u043e\u0432\u0435\u0440\u0445\u043d\u043e\u0441\u0442\u0438, \u043d\u0438 \u0434\u043b\u044f \u043c\u0435\u0445\u0430\u043d\u0438\u0447\u0435\u0441\u043a\u043e\u0433\u043e \u0437\u0430\u043a\u0440\u0435\u043f\u043b\u0435\u043d\u0438\u044f.<\/p>\n<\/div>\n<div style=\"text-align: justify;\"><\/div>\n","protected":false},"featured_media":5360,"parent":11646,"menu_order":2,"template":"","product_color":[628,163],"product_use":[],"class_list":["post-11648","product","type-product","status-publish","has-post-thumbnail","hentry","product_color---ral-7035","product_color-tmave-seda-ru"],"_links":{"self":[{"href":"https:\/\/www.fatrafol.cz\/ru\/wp-json\/wp\/v2\/product\/11648","targetHints":{"allow":["GET"]}}],"collection":[{"href":"https:\/\/www.fatrafol.cz\/ru\/wp-json\/wp\/v2\/product"}],"about":[{"href":"https:\/\/www.fatrafol.cz\/ru\/wp-json\/wp\/v2\/types\/product"}],"version-history":[{"count":6,"href":"https:\/\/www.fatrafol.cz\/ru\/wp-json\/wp\/v2\/product\/11648\/revisions"}],"predecessor-version":[{"id":65588,"href":"https:\/\/www.fatrafol.cz\/ru\/wp-json\/wp\/v2\/product\/11648\/revisions\/65588"}],"up":[{"embeddable":true,"href":"https:\/\/www.fatrafol.cz\/ru\/wp-json\/wp\/v2\/product\/11646"}],"wp:featuredmedia":[{"embeddable":true,"href":"https:\/\/www.fatrafol.cz\/ru\/wp-json\/wp\/v2\/media\/5360"}],"wp:attachment":[{"href":"https:\/\/www.fatrafol.cz\/ru\/wp-json\/wp\/v2\/media?parent=11648"}],"wp:term":[{"taxonomy":"product_color","embeddable":true,"href":"https:\/\/www.fatrafol.cz\/ru\/wp-json\/wp\/v2\/product_color?post=11648"},{"taxonomy":"product_use","embeddable":true,"href":"https:\/\/www.fatrafol.cz\/ru\/wp-json\/wp\/v2\/product_use?post=11648"}],"curies":[{"name":"wp","href":"https:\/\/api.w.org\/{rel}","templated":true}]}}