{"id":11639,"date":"2016-01-19T21:53:07","date_gmt":"2016-01-19T20:53:07","guid":{"rendered":"http:\/\/www.fatrafol.cz\/ru\/produkty\/doplnky\/ostatni-doplnky\/"},"modified":"2023-04-12T13:45:27","modified_gmt":"2023-04-12T11:45:27","slug":"accessories","status":"publish","type":"product","link":"https:\/\/www.fatrafol.cz\/ru\/products\/accessories\/accessories\/","title":{"rendered":"\u041e\u0441\u0442\u0430\u043b\u044c\u043d\u044b\u0435 \u0434\u043e\u043f\u043e\u043b\u043d\u0438\u0442\u0435\u043b\u044c\u043d\u044b\u0435 \u044d\u043b\u0435\u043c\u0435\u043d\u0442\u044b"},"content":{"rendered":"\n<h4 class=\"wp-block-cgb-block-ftr-product-heading product-block-title\">\u0421\u043f\u0435\u0446\u0438\u0444\u0438\u043a\u0430\u0446\u0438\u044f<\/h4>\n\n\n<div class=\"row specifications\">\n<table class=\"width=\" style=\"height: 1314px;\" width=\"900\">\n<thead>\n<tr>\n<td colspan=\"3\"><strong>\u0414\u0435\u0440\u0436\u0430\u0442\u0435\u043b\u0438, \u0441\u0438\u043b\u044c\u0444\u043e\u043d\u044b, \u0441\u043e\u0435\u0434\u0438\u043d\u0435\u043d\u0438\u0435 \u0432\u043d\u0430\u0445\u043b\u0435\u0441\u0442<\/strong><\/td>\n<\/tr>\n<tr>\n<th style=\"text-align: center;\">\u041a\u0430\u0440\u0442\u0438\u043d\u0430<\/th>\n<th style=\"text-align: center;\">\u0418\u043c\u044f\/ \u043f\u0440\u0438\u043b\u043e\u0436\u0435\u043d\u0438\u0435<\/th>\n<th style=\"text-align: center;\">\u0418\u0437\u043c\u0435\u0440\u0435\u043d\u0438\u0435&nbsp;(\u043c\u043c)<\/th>\n<\/tr>\n<\/thead>\n<tbody>\n<tr>\n<td><a href=\"https:\/\/www.fatrafol.cz\/wp-content\/uploads\/2016\/02\/dr\u017e\u00e1k-hromosvodu_82-225x300.jpg\" rel=\"attachment wp-att-2524\"><img decoding=\"async\" class=\"wp-image-10391 aligncenter lazyload\" data-src=\"https:\/\/www.fatrafol.cz\/wp-content\/uploads\/2016\/02\/dr\u017e\u00e1k-hromosvodu_82-225x300.jpg\" alt=\"dr\u017e\u00e1k hromosvodu_82\" width=\"122\" height=\"163\" data-srcset=\"https:\/\/www.fatrafol.cz\/wp-content\/uploads\/2016\/02\/dr\u017e\u00e1k-hromosvodu_82-225x300.jpg 225w, https:\/\/www.fatrafol.cz\/wp-content\/uploads\/2016\/02\/dr\u017e\u00e1k-hromosvodu_82-768x1024.jpg 768w, https:\/\/www.fatrafol.cz\/wp-content\/uploads\/2016\/02\/dr\u017e\u00e1k-hromosvodu_82-413x550.jpg 413w, https:\/\/www.fatrafol.cz\/wp-content\/uploads\/2016\/02\/dr\u017e\u00e1k-hromosvodu_82-450x600.jpg 450w\" data-sizes=\"(max-width: 122px) 100vw, 122px\" src=\"data:image\/svg+xml;base64,PHN2ZyB3aWR0aD0iMSIgaGVpZ2h0PSIxIiB4bWxucz0iaHR0cDovL3d3dy53My5vcmcvMjAwMC9zdmciPjwvc3ZnPg==\" style=\"--smush-placeholder-width: 122px; --smush-placeholder-aspect-ratio: 122\/163;\" \/><\/a><\/td>\n<td style=\"text-align: center;\">\u0414\u0435\u0440\u0436\u0430\u0442\u0435\u043b\u044c \u043c\u043e\u043b\u043d\u0438\u0435\u043e\u0442\u0432\u043e\u0434\u0430<\/td>\n<td>&nbsp;<\/td>\n<\/tr>\n<tr>\n<td><img decoding=\"async\" class=\"aligncenter lazyload\" data-src=\"https:\/\/www.fatrafol.cz\/wp-content\/uploads\/2018\/03\/dr%C5%BE%C3%A1k-bleskosvodu-plast-beton-str.jpg\" width=\"155\" height=\"74\" src=\"data:image\/svg+xml;base64,PHN2ZyB3aWR0aD0iMSIgaGVpZ2h0PSIxIiB4bWxucz0iaHR0cDovL3d3dy53My5vcmcvMjAwMC9zdmciPjwvc3ZnPg==\" style=\"--smush-placeholder-width: 155px; --smush-placeholder-aspect-ratio: 155\/74;\"><\/td>\n<td style=\"text-align: center;\">\u0414\u0435\u0440\u0436\u0430\u0442\u0435\u043b\u044c \u043c\u043e\u043b\u043d\u0438\u0435\u043e\u0442\u0432\u043e\u0434\u0430<br>\u041f\u043b\u0430\u0441\u0442\u0438\u043a \u2013 \u0431\u0435\u0442\u043e\u043d<\/td>\n<td>&nbsp;<\/td>\n<\/tr>\n<tr>\n<td><img decoding=\"async\" class=\"aligncenter lazyload\" data-src=\"https:\/\/www.fatrafol.cz\/wp-content\/uploads\/2018\/03\/dr%C5%BE%C3%A1k-bleskosvodu-ocel-plast-str.jpg\" width=\"157\" height=\"74\" src=\"data:image\/svg+xml;base64,PHN2ZyB3aWR0aD0iMSIgaGVpZ2h0PSIxIiB4bWxucz0iaHR0cDovL3d3dy53My5vcmcvMjAwMC9zdmciPjwvc3ZnPg==\" style=\"--smush-placeholder-width: 157px; --smush-placeholder-aspect-ratio: 157\/74;\"><\/td>\n<td style=\"text-align: center;\">\u0414\u0435\u0440\u0436\u0430\u0442\u0435\u043b\u044c \u043c\u043e\u043b\u043d\u0438\u0435\u043e\u0442\u0432\u043e\u0434\u0430<br>\u0421\u0442\u0430\u043b\u044c \u2013 \u043f\u043b\u0430\u0441\u0442\u0438\u043a<\/td>\n<td>&nbsp;<\/td>\n<\/tr>\n<tr>\n<td>&nbsp;<a href=\"https:\/\/www.fatrafol.cz\/wp-content\/uploads\/2016\/02\/preplatovani-hromosvodu-\u010dtverec_95-300x300.jpg\" rel=\"attachment wp-att-2526\"><img decoding=\"async\" class=\"wp-image-10397 aligncenter lazyload\" data-src=\"https:\/\/www.fatrafol.cz\/wp-content\/uploads\/2016\/02\/preplatovani-hromosvodu-\u010dtverec_95-300x300.jpg\" alt=\"preplatovani-hromosvodu \u010dtverec_95\" width=\"91\" height=\"91\" data-srcset=\"https:\/\/www.fatrafol.cz\/wp-content\/uploads\/2016\/02\/preplatovani-hromosvodu-\u010dtverec_95-300x300.jpg 300w, https:\/\/www.fatrafol.cz\/wp-content\/uploads\/2016\/02\/preplatovani-hromosvodu-\u010dtverec_95-150x150.jpg 150w, https:\/\/www.fatrafol.cz\/wp-content\/uploads\/2016\/02\/preplatovani-hromosvodu-\u010dtverec_95-550x550.jpg 550w, https:\/\/www.fatrafol.cz\/wp-content\/uploads\/2016\/02\/preplatovani-hromosvodu-\u010dtverec_95.jpg 600w\" data-sizes=\"(max-width: 91px) 100vw, 91px\" src=\"data:image\/svg+xml;base64,PHN2ZyB3aWR0aD0iMSIgaGVpZ2h0PSIxIiB4bWxucz0iaHR0cDovL3d3dy53My5vcmcvMjAwMC9zdmciPjwvc3ZnPg==\" style=\"--smush-placeholder-width: 91px; --smush-placeholder-aspect-ratio: 91\/91;\" \/><\/a><\/td>\n<td style=\"text-align: center;\">&nbsp;\u0421\u043e\u0435\u0434\u0438\u043d\u0435\u043d\u0438\u0435 \u0432\u043d\u0430\u0445\u043b\u0435\u0441\u0442 \u043c\u043e\u043b\u043d\u0438\u0435\u043e\u0442\u0432\u043e\u0434\u0430 \u2013 \u043a\u0432\u0430\u0434\u0440\u0430\u0442<\/td>\n<td>&nbsp;<\/td>\n<\/tr>\n<tr>\n<td>&nbsp;<a href=\"https:\/\/www.fatrafol.cz\/wp-content\/uploads\/2016\/02\/preplatovani-hromosvodu-kruh_94-300x219.jpg\" rel=\"attachment wp-att-2528\"><img decoding=\"async\" class=\"wp-image-10403 aligncenter lazyload\" data-src=\"https:\/\/www.fatrafol.cz\/wp-content\/uploads\/2016\/02\/preplatovani-hromosvodu-kruh_94-300x219.jpg\" alt=\"preplatovani-hromosvodu kruh_94\" width=\"112\" height=\"82\" data-srcset=\"https:\/\/www.fatrafol.cz\/wp-content\/uploads\/2016\/02\/preplatovani-hromosvodu-kruh_94-300x219.jpg 300w, https:\/\/www.fatrafol.cz\/wp-content\/uploads\/2016\/02\/preplatovani-hromosvodu-kruh_94.jpg 600w\" data-sizes=\"(max-width: 112px) 100vw, 112px\" src=\"data:image\/svg+xml;base64,PHN2ZyB3aWR0aD0iMSIgaGVpZ2h0PSIxIiB4bWxucz0iaHR0cDovL3d3dy53My5vcmcvMjAwMC9zdmciPjwvc3ZnPg==\" style=\"--smush-placeholder-width: 112px; --smush-placeholder-aspect-ratio: 112\/82;\" \/><\/a><\/td>\n<td style=\"text-align: center;\">\u0421\u043e\u0435\u0434\u0438\u043d\u0435\u043d\u0438\u0435 \u0432\u043d\u0430\u0445\u043b\u0435\u0441\u0442 \u043c\u043e\u043b\u043d\u0438\u0435\u043e\u0442\u0432\u043e\u0434\u0430 \u2013 \u043a\u0440\u0443\u0433<\/td>\n<td>&nbsp;<\/td>\n<\/tr>\n<tr>\n<td>&nbsp;<a href=\"https:\/\/www.fatrafol.cz\/wp-content\/uploads\/2016\/02\/06-TPO-ku\u017eel-ab_30-300x200.jpg\" rel=\"attachment wp-att-2523\"><img decoding=\"async\" class=\"wp-image-10388 aligncenter lazyload\" data-src=\"https:\/\/www.fatrafol.cz\/wp-content\/uploads\/2016\/02\/06-TPO-ku\u017eel-ab_30-300x200.jpg\" alt=\"ku\u017eel pro opracov\u00e1n\u00ed a ut\u011bsn\u011bn\u00ed kout\u016f a roh\u016f\" width=\"116\" height=\"77\" data-srcset=\"https:\/\/www.fatrafol.cz\/wp-content\/uploads\/2016\/02\/06-TPO-ku\u017eel-ab_30-300x200.jpg 300w, https:\/\/www.fatrafol.cz\/wp-content\/uploads\/2016\/02\/06-TPO-ku\u017eel-ab_30-768x513.jpg 768w, https:\/\/www.fatrafol.cz\/wp-content\/uploads\/2016\/02\/06-TPO-ku\u017eel-ab_30-825x550.jpg 825w, https:\/\/www.fatrafol.cz\/wp-content\/uploads\/2016\/02\/06-TPO-ku\u017eel-ab_30-899x600.jpg 899w, https:\/\/www.fatrafol.cz\/wp-content\/uploads\/2016\/02\/06-TPO-ku\u017eel-ab_30.jpg 966w\" data-sizes=\"(max-width: 116px) 100vw, 116px\" src=\"data:image\/svg+xml;base64,PHN2ZyB3aWR0aD0iMSIgaGVpZ2h0PSIxIiB4bWxucz0iaHR0cDovL3d3dy53My5vcmcvMjAwMC9zdmciPjwvc3ZnPg==\" style=\"--smush-placeholder-width: 116px; --smush-placeholder-aspect-ratio: 116\/77;\" \/><\/a><\/td>\n<td style=\"text-align: center;\">\u041a\u043e\u043d\u0443\u0441 \u0442\u0438\u043f 10<br>\u041e\u0431\u0440\u0430\u0431\u043e\u0442\u043a\u0430 \u0438 \u0443\u043f\u043b\u043e\u0442\u043d\u0435\u043d\u0438\u0435 \u0432\u043d\u0443\u0442\u0440\u0435\u043d\u043d\u0438\u0445 \u0438 \u043d\u0430\u0440\u0443\u0436\u043d\u044b\u0445 \u0443\u0433\u043b\u043e\u0432<\/td>\n<td style=\"text-align: center;\">\u00d8 120<\/td>\n<\/tr>\n<tr>\n<td><img decoding=\"async\" class=\"aligncenter lazyload\" data-src=\"https:\/\/www.fatrafol.cz\/wp-content\/uploads\/2020\/03\/vlnovec-prostorov%C3%A1-tvarovka-druh_11.jpg\" width=\"111\" height=\"80\" src=\"data:image\/svg+xml;base64,PHN2ZyB3aWR0aD0iMSIgaGVpZ2h0PSIxIiB4bWxucz0iaHR0cDovL3d3dy53My5vcmcvMjAwMC9zdmciPjwvc3ZnPg==\" style=\"--smush-placeholder-width: 111px; --smush-placeholder-aspect-ratio: 111\/80;\"><\/td>\n<td style=\"text-align: center;\">\u0421\u0438\u043b\u044c\u0444\u043e\u043d \u0442\u0438\u043f 11<br>\u041e\u0431\u0440\u0430\u0431\u043e\u0442\u043a\u0430 \u0438 \u0443\u043f\u043b\u043e\u0442\u043d\u0435\u043d\u0438\u0435 \u0440\u0435\u0431\u0435\u0440 (\u043b\u0438\u043d\u0438\u0439 \u043f\u0435\u0440\u0435\u0441\u0435\u0447\u0435\u043d\u0438\u044f)<\/td>\n<td style=\"text-align: center;\">\u00d8 160<\/td>\n<\/tr>\n<tr>\n<td>&nbsp;<a href=\"https:\/\/www.fatrafol.cz\/wp-content\/uploads\/2016\/02\/limec-13_3_38-300x185.jpg\" rel=\"attachment wp-att-2525\"><img decoding=\"async\" class=\"wp-image-10394 aligncenter lazyload\" data-src=\"https:\/\/www.fatrafol.cz\/wp-content\/uploads\/2016\/02\/limec-13_3_38-300x185.jpg\" alt=\"limec 13_3_38\" width=\"101\" height=\"62\" data-srcset=\"https:\/\/www.fatrafol.cz\/wp-content\/uploads\/2016\/02\/limec-13_3_38-300x185.jpg 300w, https:\/\/www.fatrafol.cz\/wp-content\/uploads\/2016\/02\/limec-13_3_38-768x473.jpg 768w, https:\/\/www.fatrafol.cz\/wp-content\/uploads\/2016\/02\/limec-13_3_38-1024x630.jpg 1024w, https:\/\/www.fatrafol.cz\/wp-content\/uploads\/2016\/02\/limec-13_3_38-825x508.jpg 825w, https:\/\/www.fatrafol.cz\/wp-content\/uploads\/2016\/02\/limec-13_3_38-975x600.jpg 975w, https:\/\/www.fatrafol.cz\/wp-content\/uploads\/2016\/02\/limec-13_3_38.jpg 1985w\" data-sizes=\"(max-width: 101px) 100vw, 101px\" src=\"data:image\/svg+xml;base64,PHN2ZyB3aWR0aD0iMSIgaGVpZ2h0PSIxIiB4bWxucz0iaHR0cDovL3d3dy53My5vcmcvMjAwMC9zdmciPjwvc3ZnPg==\" style=\"--smush-placeholder-width: 101px; --smush-placeholder-aspect-ratio: 101\/62;\" \/><\/a><\/td>\n<td style=\"text-align: center;\">\u0412\u043e\u0440\u043e\u0442\u043d\u0438\u043a \u0442\u0438\u043f 13<br>\u0418\u0437\u0433\u043e\u0442\u043e\u0432\u043b\u0435\u043d\u0438\u0435 \u0444\u0430\u0441\u043e\u043d\u043d\u044b\u0445 \u0447\u0430\u0441\u0442\u0435\u0439 \u0434\u043b\u044f \u043a\u0440\u0443\u0433\u043b\u044b\u0445 \u043f\u0440\u043e\u0445\u043e\u0434\u043e\u0432<\/td>\n<td style=\"text-align: center;\">\u00d8 400<\/td>\n<\/tr>\n<tr>\n<td>&nbsp;<\/td>\n<td style=\"text-align: center;\">\u0417\u0430\u0442\u0440\u0443\u0431\u043d\u043e\u0435 \u043f\u0440\u043e\u0441\u0442\u0440\u0430\u043d\u0441\u0442\u0432\u043e \u0434\u043b\u044f \u0437\u0430\u043a\u0440\u0435\u043f\u043b\u0435\u043d\u0438\u044f\/\u0430\u043d\u043a\u0435\u0440\u043e\u0432\u043a\u0438 \u0441 \u043f\u043e\u043c\u043e\u0449\u044c\u044e \u0434\u0438\u0441\u043a\u0430<\/td>\n<td style=\"text-align: center;\">\u00d8 183<\/td>\n<\/tr>\n<tr>\n<td>&nbsp;<a href=\"https:\/\/www.fatrafol.cz\/wp-content\/uploads\/2016\/02\/zalivka_60-248x300.jpg\" rel=\"attachment wp-att-2527\"><img decoding=\"async\" class=\"wp-image-10400 aligncenter lazyload\" data-src=\"https:\/\/www.fatrafol.cz\/wp-content\/uploads\/2016\/02\/zalivka_60-248x300.jpg\" alt=\"zalivka_60\" width=\"90\" height=\"108\" data-srcset=\"https:\/\/www.fatrafol.cz\/wp-content\/uploads\/2016\/02\/zalivka_60-248x300.jpg 248w, https:\/\/www.fatrafol.cz\/wp-content\/uploads\/2016\/02\/zalivka_60-455x550.jpg 455w, https:\/\/www.fatrafol.cz\/wp-content\/uploads\/2016\/02\/zalivka_60-497x600.jpg 497w, https:\/\/www.fatrafol.cz\/wp-content\/uploads\/2016\/02\/zalivka_60.jpg 721w\" data-sizes=\"(max-width: 90px) 100vw, 90px\" src=\"data:image\/svg+xml;base64,PHN2ZyB3aWR0aD0iMSIgaGVpZ2h0PSIxIiB4bWxucz0iaHR0cDovL3d3dy53My5vcmcvMjAwMC9zdmciPjwvc3ZnPg==\" style=\"--smush-placeholder-width: 90px; --smush-placeholder-aspect-ratio: 90\/108;\" \/><\/a><\/td>\n<td style=\"text-align: center;\">\u0417\u0430\u043b\u0438\u0432\u043e\u0447\u043d\u0430\u044f \u043c\u0430\u0441\u0441\u0430 (\u043c\u0430\u0441\u0442\u0438\u043a\u0430) Z-01 \u043a\u0440\u043e\u0432\u0435\u043b\u044c\u043d\u0430\u044f (2,5 \u043b)<br>\u0417\u0430\u043b\u0438\u0432\u043e\u0447\u043d\u0430\u044f \u043c\u0430\u0441\u0441\u0430 (\u043c\u0430\u0441\u0442\u0438\u043a\u0430) Z-03 \u0434\u043b\u044f \u043d\u0435\u0431\u043e\u043b\u044c\u0448\u0438\u0445 \u043e\u0437\u0435\u0440 (2,5 \u043b)<\/td>\n<td style=\"text-align: center;\">&nbsp;<\/td>\n<\/tr>\n<tr>\n<td>&nbsp;<\/td>\n<td style=\"text-align: center;\">\u0420\u0430\u0441\u0442\u0432\u043e\u0440\u0438\u0442\u0435\u043b\u044c L-494 (2,5 \u043b) \u0434\u043b\u044f \u0440\u0430\u0437\u0431\u0430\u0432\u043b\u0435\u043d\u0438\u044f \u0437\u0430\u043b\u0438\u0432\u043e\u0447\u043d\u044b\u0445 \u043c\u0430\u0441\u0441 (\u043c\u0430\u0441\u0442\u0438\u043a)<br>\u0445\u043e\u043b\u043e\u0434\u043d\u0430\u044f \u0441\u0432\u0430\u0440\u043a\u0430<\/td>\n<td style=\"text-align: center;\">&nbsp;<\/td>\n<\/tr>\n<\/tbody>\n<\/table>\n<table style=\"height: 304px;\" width=\"900\">\n<thead>\n<tr>\n<td colspan=\"3\"><strong>\u041a\u0440\u043e\u0432\u0435\u043b\u044c\u043d\u044b\u0435 \u0434\u043e\u0436\u0434\u0435\u043f\u0440\u0438\u0435\u043c\u043d\u0438\u043a\u0438 \u0438 \u043d\u0435\u0431\u043e\u043b\u044c\u0448\u0438\u0435 \u0432\u0435\u043d\u0442\u0438\u043b\u044f\u0446\u0438\u043e\u043d\u043d\u044b\u0435 \u0442\u0440\u0443\u0431\u044b<\/strong><\/td>\n<\/tr>\n<tr>\n<th style=\"text-align: center;\">\u041a\u0430\u0440\u0442\u0438\u043d\u0430<\/th>\n<th style=\"text-align: center;\">\u0418\u043c\u044f<\/th>\n<th style=\"text-align: center;\">\u0418\u0437\u043c\u0435\u0440\u0435\u043d\u0438\u0435 (\u043c\u043c)<\/th>\n<\/tr>\n<\/thead>\n<tbody>\n<tr>\n<td>&nbsp;<a href=\"https:\/\/www.fatrafol.cz\/wp-content\/uploads\/2016\/02\/pojistny-prepad-nebo-stresni-vpust.jpg\" rel=\"attachment wp-att-961\"><img decoding=\"async\" class=\"alignnone wp-image-6503 aligncenter lazyload\" data-src=\"https:\/\/www.fatrafol.cz\/wp-content\/uploads\/2016\/02\/pojistny-prepad-nebo-stresni-vpust.jpg\" alt=\"pojistny-prepad-nebo-stresni-vpust\" width=\"117\" height=\"142\" src=\"data:image\/svg+xml;base64,PHN2ZyB3aWR0aD0iMSIgaGVpZ2h0PSIxIiB4bWxucz0iaHR0cDovL3d3dy53My5vcmcvMjAwMC9zdmciPjwvc3ZnPg==\" style=\"--smush-placeholder-width: 117px; --smush-placeholder-aspect-ratio: 117\/142;\"><\/a><\/td>\n<td style=\"text-align: center;\">\u041a\u0440\u043e\u0432\u0435\u043b\u044c\u043d\u044b\u0439 \u0434\u043e\u0436\u0434\u0435\u043f\u0440\u0438\u0435\u043c\u043d\u0438\u043a H240<\/td>\n<td style=\"text-align: center;\">\u00d8 60, 75, 80, 90, 100, 110, 125, 150, 200<\/td>\n<\/tr>\n<tr>\n<td>&nbsp;<a href=\"https:\/\/www.fatrafol.cz\/wp-content\/uploads\/2016\/02\/rohova-vpust-268x300.jpg\" rel=\"attachment wp-att-1049\"><img decoding=\"async\" class=\"alignnone wp-image-6692 aligncenter lazyload\" data-src=\"https:\/\/www.fatrafol.cz\/wp-content\/uploads\/2016\/02\/rohova-vpust-268x300.jpg\" alt=\"rohova-vpust\" width=\"122\" height=\"137\" data-srcset=\"https:\/\/www.fatrafol.cz\/wp-content\/uploads\/2016\/02\/rohova-vpust-268x300.jpg 268w, https:\/\/www.fatrafol.cz\/wp-content\/uploads\/2016\/02\/rohova-vpust.jpg 449w\" data-sizes=\"(max-width: 122px) 100vw, 122px\" src=\"data:image\/svg+xml;base64,PHN2ZyB3aWR0aD0iMSIgaGVpZ2h0PSIxIiB4bWxucz0iaHR0cDovL3d3dy53My5vcmcvMjAwMC9zdmciPjwvc3ZnPg==\" style=\"--smush-placeholder-width: 122px; --smush-placeholder-aspect-ratio: 122\/137;\" \/><\/a><\/td>\n<td style=\"text-align: center;\">\u0423\u0433\u043b\u043e\u0432\u043e\u0439 \u043a\u0440\u043e\u0432\u0435\u043b\u044c\u043d\u044b\u0439 \u0434\u043e\u0436\u0434\u0435\u043f\u0440\u0438\u0435\u043c\u043d\u0438\u043a<\/td>\n<td style=\"text-align: center;\">65 x 100<br>100 x 100<\/td>\n<\/tr>\n<tr>\n<td>&nbsp;<a href=\"https:\/\/www.fatrafol.cz\/wp-content\/uploads\/2016\/02\/lapac-listi-a-necistot-270x300.jpg\" rel=\"attachment wp-att-838\"><img decoding=\"async\" class=\"wp-image-6239 aligncenter lazyload\" data-src=\"https:\/\/www.fatrafol.cz\/wp-content\/uploads\/2016\/02\/lapac-listi-a-necistot-270x300.jpg\" alt=\"lapac-listi-a-necistot\" width=\"102\" height=\"114\" data-srcset=\"https:\/\/www.fatrafol.cz\/wp-content\/uploads\/2016\/02\/lapac-listi-a-necistot-270x300.jpg 270w, https:\/\/www.fatrafol.cz\/wp-content\/uploads\/2016\/02\/lapac-listi-a-necistot.jpg 450w\" data-sizes=\"(max-width: 102px) 100vw, 102px\" src=\"data:image\/svg+xml;base64,PHN2ZyB3aWR0aD0iMSIgaGVpZ2h0PSIxIiB4bWxucz0iaHR0cDovL3d3dy53My5vcmcvMjAwMC9zdmciPjwvc3ZnPg==\" style=\"--smush-placeholder-width: 102px; --smush-placeholder-aspect-ratio: 102\/114;\" \/><\/a><\/td>\n<td style=\"text-align: center;\">\u041b\u043e\u0432\u0443\u0448\u043a\u0430 \u0434\u043b\u044f \u043b\u0438\u0441\u0442\u044c\u0435\u0432<\/td>\n<td style=\"text-align: center;\">&nbsp;<\/td>\n<\/tr>\n<tr>\n<td>&nbsp;<a href=\"https:\/\/www.fatrafol.cz\/wp-content\/uploads\/2016\/02\/lapac-kameniva-a-necistot-300x225.jpg\" rel=\"attachment wp-att-836\"><img decoding=\"async\" class=\"wp-image-6233 aligncenter lazyload\" data-src=\"https:\/\/www.fatrafol.cz\/wp-content\/uploads\/2016\/02\/lapac-kameniva-a-necistot-300x225.jpg\" alt=\"lapac-kameniva-a-necistot\" width=\"119\" height=\"89\" data-srcset=\"https:\/\/www.fatrafol.cz\/wp-content\/uploads\/2016\/02\/lapac-kameniva-a-necistot-300x225.jpg 300w, https:\/\/www.fatrafol.cz\/wp-content\/uploads\/2016\/02\/lapac-kameniva-a-necistot.jpg 600w\" data-sizes=\"(max-width: 119px) 100vw, 119px\" src=\"data:image\/svg+xml;base64,PHN2ZyB3aWR0aD0iMSIgaGVpZ2h0PSIxIiB4bWxucz0iaHR0cDovL3d3dy53My5vcmcvMjAwMC9zdmciPjwvc3ZnPg==\" style=\"--smush-placeholder-width: 119px; --smush-placeholder-aspect-ratio: 119\/89;\" \/><\/a><\/td>\n<td style=\"text-align: center;\">\u041b\u043e\u0432\u0443\u0448\u043a\u0430 \u0434\u043b\u044f \u043a\u0430\u043c\u0435\u043d\u043d\u043e\u0433\u043e \u0437\u0430\u043f\u043e\u043b\u043d\u0438\u0442\u0435\u043b\u044f<br>\u0438\u0437 \u043f\u043e\u043b\u0438\u044d\u0442\u0438\u043b\u0435\u043d\u0430 (PE)<\/td>\n<td style=\"text-align: center;\">&nbsp;<\/td>\n<\/tr>\n<tr>\n<td><img decoding=\"async\" class=\"aligncenter lazyload\" data-src=\"https:\/\/www.fatrafol.cz\/wp-content\/uploads\/2023\/03\/ventilacni-kominek_98-scaled.jpg\" width=\"88\" height=\"66\" src=\"data:image\/svg+xml;base64,PHN2ZyB3aWR0aD0iMSIgaGVpZ2h0PSIxIiB4bWxucz0iaHR0cDovL3d3dy53My5vcmcvMjAwMC9zdmciPjwvc3ZnPg==\" style=\"--smush-placeholder-width: 88px; --smush-placeholder-aspect-ratio: 88\/66;\"><\/td>\n<td style=\"text-align: center;\">\u041d\u0435\u0431\u043e\u043b\u044c\u0448\u0430\u044f \u0432\u0435\u043d\u0442\u0438\u043b\u044f\u0446\u0438\u043e\u043d\u043d\u0430\u044f \u0442\u0440\u0443\u0431\u0430 + \u043a\u043e\u043b\u043f\u0430\u043a H240<\/td>\n<td style=\"text-align: center;\">\u00d8 75<\/td>\n<\/tr>\n<tr>\n<td><img decoding=\"async\" class=\"aligncenter lazyload\" data-src=\"https:\/\/www.fatrafol.cz\/wp-content\/uploads\/2023\/03\/krytka-k-ventilacnemu-kominku_84-scaled.jpg\" width=\"80\" height=\"107\" src=\"data:image\/svg+xml;base64,PHN2ZyB3aWR0aD0iMSIgaGVpZ2h0PSIxIiB4bWxucz0iaHR0cDovL3d3dy53My5vcmcvMjAwMC9zdmciPjwvc3ZnPg==\" style=\"--smush-placeholder-width: 80px; --smush-placeholder-aspect-ratio: 80\/107;\"><\/td>\n<td style=\"text-align: center;\">\u041a\u043e\u043b\u043f\u0430\u043a \u043a \u043d\u0435\u0431\u043e\u043b\u044c\u0448\u043e\u0439 \u0432\u0435\u043d\u0442\u0438\u043b\u044f\u0446\u0438\u043e\u043d\u043d\u043e\u0439 \u0442\u0440\u0443\u0431\u0435<\/td>\n<td style=\"text-align: center;\">&nbsp;<\/td>\n<\/tr>\n<tr>\n<td><img decoding=\"async\" class=\"aligncenter lazyload\" data-src=\"https:\/\/www.fatrafol.cz\/wp-content\/uploads\/2023\/03\/ANTENA-OUTLET-H120_81-scaled.jpg\" width=\"75\" height=\"100\" src=\"data:image\/svg+xml;base64,PHN2ZyB3aWR0aD0iMSIgaGVpZ2h0PSIxIiB4bWxucz0iaHR0cDovL3d3dy53My5vcmcvMjAwMC9zdmciPjwvc3ZnPg==\" style=\"--smush-placeholder-width: 75px; --smush-placeholder-aspect-ratio: 75\/100;\"><\/td>\n<td style=\"text-align: center;\">\u041f\u0440\u043e\u0445\u043e\u0434 \u0434\u043b\u044f \u0430\u043d\u0442\u0435\u043d\u043d\u044b H120<\/td>\n<td style=\"text-align: center;\">\u00d8 13 &#8212; 49<\/td>\n<\/tr>\n<\/tbody>\n<\/table>\n<\/div>\n\n\n<hr class=\"wp-block-cgb-block-ftr-product-section-line ftr-product-block-separator\"\/>\n","protected":false},"excerpt":{"rendered":"<p>\u0411\u043e\u043b\u0435\u0435 \u043f\u043e\u0434\u0440\u043e\u0431\u043d\u0443\u044e \u0438\u043d\u0444\u043e\u0440\u043c\u0430\u0446\u0438\u044e \u043e \u0434\u0440\u0443\u0433\u0438\u0445 \u043f\u0440\u043e\u0434\u0443\u043a\u0442\u0430\u0445 \u0441\u043c. \u043d\u0438\u0436\u0435.<\/p>\n","protected":false},"featured_media":0,"parent":11634,"menu_order":8,"template":"","product_color":[],"product_use":[],"class_list":["post-11639","product","type-product","status-publish","hentry"],"_links":{"self":[{"href":"https:\/\/www.fatrafol.cz\/ru\/wp-json\/wp\/v2\/product\/11639","targetHints":{"allow":["GET"]}}],"collection":[{"href":"https:\/\/www.fatrafol.cz\/ru\/wp-json\/wp\/v2\/product"}],"about":[{"href":"https:\/\/www.fatrafol.cz\/ru\/wp-json\/wp\/v2\/types\/product"}],"version-history":[{"count":13,"href":"https:\/\/www.fatrafol.cz\/ru\/wp-json\/wp\/v2\/product\/11639\/revisions"}],"predecessor-version":[{"id":56495,"href":"https:\/\/www.fatrafol.cz\/ru\/wp-json\/wp\/v2\/product\/11639\/revisions\/56495"}],"up":[{"embeddable":true,"href":"https:\/\/www.fatrafol.cz\/ru\/wp-json\/wp\/v2\/product\/11634"}],"wp:attachment":[{"href":"https:\/\/www.fatrafol.cz\/ru\/wp-json\/wp\/v2\/media?parent=11639"}],"wp:term":[{"taxonomy":"product_color","embeddable":true,"href":"https:\/\/www.fatrafol.cz\/ru\/wp-json\/wp\/v2\/product_color?post=11639"},{"taxonomy":"product_use","embeddable":true,"href":"https:\/\/www.fatrafol.cz\/ru\/wp-json\/wp\/v2\/product_use?post=11639"}],"curies":[{"name":"wp","href":"https:\/\/api.w.org\/{rel}","templated":true}]}}