{"id":10649,"date":"2016-02-08T09:10:43","date_gmt":"2016-02-08T09:10:43","guid":{"rendered":"http:\/\/cmt.fatrafol.cz\/en\/kontakt\/"},"modified":"2026-04-10T09:29:51","modified_gmt":"2026-04-10T07:29:51","slug":"contact","status":"publish","type":"page","link":"https:\/\/www.fatrafol.cz\/en\/contact\/","title":{"rendered":"Contact"},"content":{"rendered":"<div class=\"row contentrow\">\n<div class=\"twelve columns\">\n<h2>address<\/h2>\n<p><strong>Fatra, a.s.<br \/><\/strong>t\u0159\u00edda Tom\u00e1\u0161e Bati 1541<br \/>763&nbsp;61 Napajedla<br \/>Czech Republic<\/p>\n<p>Tel.: 00420&nbsp;577&nbsp;501&nbsp;111<br \/>Fax: 00420&nbsp;577&nbsp;502&nbsp;555<br \/>E-mail: info@fatra.cz<\/p>\n<p><strong>Company ID<\/strong>: 27465021<br \/><strong>Tax ID<\/strong>: CZ27465021<\/p>\n<p>Fatra has been registered in the Companies Register at the Regional Court in Brno, Part B, Insert 4598<\/p>\n<\/div>\n<\/div>\n<div class=\"row\">\n<div class=\"twelve columns\">\n<h2>SALES REPRESENTATIVES<\/h2>\n<\/div>\n<\/div>\n<div class=\"row contentrow\">\n<div class=\"six columns\">\n<p><b><em><br \/>Export Sales Representative &#8211; Scandinavia, China, North&amp;South America, New Zealand, Australia, Canada, Turkey, Hungary, Spain, Portugal, <strong>Netherlands<\/strong><\/em><\/b><\/p>\n<p><strong>VLASTA BLAHOV\u00c1<\/strong><br \/>Tel.: +420&nbsp;577&nbsp;502&nbsp;397<br \/>Mobil: +420&nbsp;735&nbsp;743&nbsp;514<br \/>E-mail: <a href=\"mailto:vlasta.blahova@fatra.cz\">vlasta.blahova@fatra.cz<\/a><\/p>\n<p><strong><br \/><em>Export Sales Representative &#8211; France, Belgium, Germany, Croatia, Slovenia, Bosnia and Hercegovina, Macedonia, Luxembourg, Italy<\/em><\/strong><\/p>\n<p><strong>KAMIL RAKVICA<\/strong><br \/>Tel.:+420 \u00a0577&nbsp;502&nbsp;394<br \/>Mobil: +420&nbsp;724&nbsp;405&nbsp;598<br \/>E-mail:\u00a0<a href=\"mailto:kamil.rakvica@fatra.cz\">kamil.rakvica@fatra.cz<\/a><\/p>\n<p><em><strong><br \/>Technical consultancy<br \/><\/strong><\/em><br \/><strong>LIBOR BEDN\u00c1\u0158<\/strong><br \/>Insulation Studio<br \/>Mobil: +420&nbsp;724&nbsp;405&nbsp;799<br \/>E-mail:\u00a0<a href=\"mailto:studio@fatrafol.cz\">studio@fatrafol.cz<\/a><\/p>\n<p><strong>SVATOPLUK KOLDER<br \/><\/strong>Mobil: +420&nbsp;724&nbsp;405&nbsp;505<strong><br \/><\/strong>E-mail: <a href=\"mailto:svatopluk.kolder@fatra.cz\">svatopluk.kolder@fatra.cz<\/a><\/p>\n<\/div>\n<div class=\"six columns\">\n<p><strong><em><br \/>Export Sales Representative &#8211; Austria, Romania, Great Britain, Poland, Bulgaria, Greece, Ireland, Switzerland, Algeria<\/em><\/strong><\/p>\n<p><strong>LUCIE ZBOROVAN\u010c\u00cdKOV\u00c1<\/strong><br \/>Mobil: +420&nbsp;724&nbsp;405&nbsp;906<br \/>E-mail: <a href=\"mailto:lucie.zborovancikova@fatra.cz\">lucie.zborovancikova@fatra.cz<\/a><\/p>\n<p><strong><em><br \/>Export<\/em><\/strong> <strong><em>Sales Representative &#8211; Ukraine, Kazakhstan, Moldova, Georgia<\/em><\/strong><\/p>\n<p><strong>ANDREJ DAN\u011a\u010cEK<\/strong><br \/>Mobil: +420&nbsp;724&nbsp;405&nbsp;531<br \/>E-mail: <a href=\"mailto:andrej.danecek@fatra.cz\">andrej.danecek@fatra.cz<\/a><\/p>\n<\/div>\n<\/div>\n\n\n<div class=\"wp-block-columns is-layout-flex wp-container-core-columns-is-layout-9d6595d7 wp-block-columns-is-layout-flex\">\n<div class=\"wp-block-column is-layout-flow wp-block-column-is-layout-flow\">\n<p><\/p>\n<\/div>\n\n\n\n<div class=\"wp-block-column is-layout-flow wp-block-column-is-layout-flow\">\n<p><\/p>\n<\/div>\n<\/div>\n","protected":false},"excerpt":{"rendered":"<p>address Fatra, a.s.t\u0159\u00edda Tom\u00e1\u0161e Bati 1541763&nbsp;61 NapajedlaCzech Republic Tel.: 00420&nbsp;577&nbsp;501&nbsp;111Fax: 00420&nbsp;577&nbsp;502&nbsp;555E-mail: info@fatra.cz Company ID: 27465021Tax ID: CZ27465021 Fatra has been registered in the Companies Register at the Regional Court in Brno, Part B, Insert 4598 SALES REPRESENTATIVES Export Sales Representative &#8211; Scandinavia, China, North&amp;South America, New Zealand, Australia, Canada, Turkey, Hungary, Spain, Portugal, Netherlands VLASTA [&hellip;]<\/p>\n","protected":false},"author":11,"featured_media":10446,"parent":0,"menu_order":0,"comment_status":"closed","ping_status":"closed","template":"header_map.php","meta":{"footnotes":""},"class_list":["post-10649","page","type-page","status-publish","has-post-thumbnail","hentry"],"_links":{"self":[{"href":"https:\/\/www.fatrafol.cz\/en\/wp-json\/wp\/v2\/pages\/10649","targetHints":{"allow":["GET"]}}],"collection":[{"href":"https:\/\/www.fatrafol.cz\/en\/wp-json\/wp\/v2\/pages"}],"about":[{"href":"https:\/\/www.fatrafol.cz\/en\/wp-json\/wp\/v2\/types\/page"}],"author":[{"embeddable":true,"href":"https:\/\/www.fatrafol.cz\/en\/wp-json\/wp\/v2\/users\/11"}],"replies":[{"embeddable":true,"href":"https:\/\/www.fatrafol.cz\/en\/wp-json\/wp\/v2\/comments?post=10649"}],"version-history":[{"count":49,"href":"https:\/\/www.fatrafol.cz\/en\/wp-json\/wp\/v2\/pages\/10649\/revisions"}],"predecessor-version":[{"id":76521,"href":"https:\/\/www.fatrafol.cz\/en\/wp-json\/wp\/v2\/pages\/10649\/revisions\/76521"}],"wp:featuredmedia":[{"embeddable":true,"href":"https:\/\/www.fatrafol.cz\/en\/wp-json\/wp\/v2\/media\/10446"}],"wp:attachment":[{"href":"https:\/\/www.fatrafol.cz\/en\/wp-json\/wp\/v2\/media?parent=10649"}],"curies":[{"name":"wp","href":"https:\/\/api.w.org\/{rel}","templated":true}]}}