{"id":11577,"date":"2016-02-15T07:24:16","date_gmt":"2016-02-15T06:24:16","guid":{"rendered":"http:\/\/www.fatrafol.cz\/de\/sluzby\/pro-stavebni-firmy\/"},"modified":"2020-08-11T09:06:14","modified_gmt":"2020-08-11T07:06:14","slug":"verlegefirmen","status":"publish","type":"page","link":"https:\/\/www.fatrafol.cz\/de\/dienstleistungen\/verlegefirmen\/","title":{"rendered":"Verlegefirmen"},"content":{"rendered":"<div class=\"row contentrow\">\n<p>Das System FATRAFOL hilft Ihnen eine erfolgreiche Verlegefirma zu sein. Komplettes Angebot an Produkte und hervorragende Schwei\u00dfbarkeit der Bahnen FATRAFOL erleichtern wesentlich Ihre Arbeit und verk\u00fcrzen die Verlegezeit. Mit FATRAFOL k\u00f6nnen Sie wachsen, sowohl technischerweise, als auch Volumenm\u00e4\u00dfig.<\/p>\n<\/div>\n<h4 class=\"product_section\"><\/h4>\n<div class=\"row contentrow\"><\/div>\n","protected":false},"excerpt":{"rendered":"<p>Das System FATRAFOL hilft Ihnen eine erfolgreiche Verlegefirma zu sein. Komplettes Angebot an Produkte und hervorragende Schwei\u00dfbarkeit der Bahnen FATRAFOL erleichtern wesentlich Ihre Arbeit und verk\u00fcrzen die Verlegezeit. Mit FATRAFOL k\u00f6nnen Sie wachsen, sowohl technischerweise, als auch Volumenm\u00e4\u00dfig.<\/p>\n","protected":false},"author":11,"featured_media":10459,"parent":11574,"menu_order":3,"comment_status":"closed","ping_status":"closed","template":"","meta":{"footnotes":""},"class_list":["post-11577","page","type-page","status-publish","has-post-thumbnail","hentry"],"_links":{"self":[{"href":"https:\/\/www.fatrafol.cz\/de\/wp-json\/wp\/v2\/pages\/11577","targetHints":{"allow":["GET"]}}],"collection":[{"href":"https:\/\/www.fatrafol.cz\/de\/wp-json\/wp\/v2\/pages"}],"about":[{"href":"https:\/\/www.fatrafol.cz\/de\/wp-json\/wp\/v2\/types\/page"}],"author":[{"embeddable":true,"href":"https:\/\/www.fatrafol.cz\/de\/wp-json\/wp\/v2\/users\/11"}],"replies":[{"embeddable":true,"href":"https:\/\/www.fatrafol.cz\/de\/wp-json\/wp\/v2\/comments?post=11577"}],"version-history":[{"count":5,"href":"https:\/\/www.fatrafol.cz\/de\/wp-json\/wp\/v2\/pages\/11577\/revisions"}],"predecessor-version":[{"id":43200,"href":"https:\/\/www.fatrafol.cz\/de\/wp-json\/wp\/v2\/pages\/11577\/revisions\/43200"}],"up":[{"embeddable":true,"href":"https:\/\/www.fatrafol.cz\/de\/wp-json\/wp\/v2\/pages\/11574"}],"wp:featuredmedia":[{"embeddable":true,"href":"https:\/\/www.fatrafol.cz\/de\/wp-json\/wp\/v2\/media\/10459"}],"wp:attachment":[{"href":"https:\/\/www.fatrafol.cz\/de\/wp-json\/wp\/v2\/media?parent=11577"}],"curies":[{"name":"wp","href":"https:\/\/api.w.org\/{rel}","templated":true}]}}