{"id":11576,"date":"2016-02-15T07:23:50","date_gmt":"2016-02-15T06:23:50","guid":{"rendered":"http:\/\/www.fatrafol.cz\/de\/sluzby\/pro-projektanty-a-architekty\/"},"modified":"2020-10-07T09:33:33","modified_gmt":"2020-10-07T07:33:33","slug":"projektanten-und-architekten","status":"publish","type":"page","link":"https:\/\/www.fatrafol.cz\/de\/dienstleistungen\/projektanten-und-architekten\/","title":{"rendered":"Projektanten und Architekten"},"content":{"rendered":"\n<p>Eine gute und langfristige Zusammenarbeit mit Architekten ist f\u00fcr uns sehr wichtig. Gutes Verstehen der Vorteilen und Eigenschaften der Fatrafol-Bahnen ist grunds\u00e4tzlich zur erfolgreichen Realisierung jedes Aufbaus.<\/p>\n\n\n\n<p>Vielj\u00e4hrige Erfahrungen von den Projekten, realisiert nicht nur in der Tschechischen Republik, sondern in praktisch jedem europ\u00e4ischen Land, sind die beste Grundlage. Unsere Aktivit\u00e4ten stoppen nicht hier, jedoch werden ausge\u00fcbt heutzutage auf jedem Kontinent der Welt, wo Fatrafol-L\u00f6sungen beginnen zu erscheinen. Das hei\u00dft nat\u00fcrlich beidenseitige Erfahrungssamlung und dadurch f\u00fcr uns Erh\u00f6hung der technischen Kapazit\u00e4ten, die dann in allt\u00e4gigen Projektenberatung umgewandelt werden k\u00f6nnen.<\/p>\n\n\n\n<p><\/p>\n","protected":false},"excerpt":{"rendered":"<p>Eine gute und langfristige Zusammenarbeit mit Architekten ist f\u00fcr uns sehr wichtig. Gutes Verstehen der Vorteilen und Eigenschaften der Fatrafol-Bahnen ist grunds\u00e4tzlich zur erfolgreichen Realisierung jedes Aufbaus. Vielj\u00e4hrige Erfahrungen von den Projekten, realisiert nicht nur in der Tschechischen Republik, sondern in praktisch jedem europ\u00e4ischen Land, sind die beste Grundlage. Unsere Aktivit\u00e4ten stoppen nicht hier, jedoch [&hellip;]<\/p>\n","protected":false},"author":11,"featured_media":10459,"parent":11574,"menu_order":2,"comment_status":"closed","ping_status":"closed","template":"","meta":{"footnotes":""},"class_list":["post-11576","page","type-page","status-publish","has-post-thumbnail","hentry"],"_links":{"self":[{"href":"https:\/\/www.fatrafol.cz\/de\/wp-json\/wp\/v2\/pages\/11576","targetHints":{"allow":["GET"]}}],"collection":[{"href":"https:\/\/www.fatrafol.cz\/de\/wp-json\/wp\/v2\/pages"}],"about":[{"href":"https:\/\/www.fatrafol.cz\/de\/wp-json\/wp\/v2\/types\/page"}],"author":[{"embeddable":true,"href":"https:\/\/www.fatrafol.cz\/de\/wp-json\/wp\/v2\/users\/11"}],"replies":[{"embeddable":true,"href":"https:\/\/www.fatrafol.cz\/de\/wp-json\/wp\/v2\/comments?post=11576"}],"version-history":[{"count":7,"href":"https:\/\/www.fatrafol.cz\/de\/wp-json\/wp\/v2\/pages\/11576\/revisions"}],"predecessor-version":[{"id":44228,"href":"https:\/\/www.fatrafol.cz\/de\/wp-json\/wp\/v2\/pages\/11576\/revisions\/44228"}],"up":[{"embeddable":true,"href":"https:\/\/www.fatrafol.cz\/de\/wp-json\/wp\/v2\/pages\/11574"}],"wp:featuredmedia":[{"embeddable":true,"href":"https:\/\/www.fatrafol.cz\/de\/wp-json\/wp\/v2\/media\/10459"}],"wp:attachment":[{"href":"https:\/\/www.fatrafol.cz\/de\/wp-json\/wp\/v2\/media?parent=11576"}],"curies":[{"name":"wp","href":"https:\/\/api.w.org\/{rel}","templated":true}]}}