{"id":10538,"date":"2016-03-08T07:31:18","date_gmt":"2016-03-08T06:31:18","guid":{"rendered":"http:\/\/cmt.fatrafol.cz\/?page_id=10538&#038;lang=de"},"modified":"2022-05-04T09:01:51","modified_gmt":"2022-05-04T07:01:51","slug":"10538-2","status":"publish","type":"page","link":"https:\/\/www.fatrafol.cz\/de\/","title":{"rendered":"ABDICHTUNGSBAHN"},"content":{"rendered":"<!--DISABLE_LINEBREAKS-->\n<div id=\"homeblock\" class=\"homeblock\">\n<div class=\"homebox_half\" style=\"overflow: visible;\">\n<div id=\"firstshortbox\" class=\"homebox_row bgcolor\">\n<div class=\"homebox_half_content\">\n<div class=\"homebox_padbox_right\">\n<h1>abdichtungsbahn<\/h1>\n<p style=\"text-align: justify;\">FATRAFOL ist ein Wasserabdichtungssystem, das von den technischen Experten der Firma Fatra, a.s., entwickelt wurde. Das Verlegen der ersten Abdichtungsbahn auf Basis von Weich-PVC geht bis ins Jahr 1956 zur\u00fcck. Heutiger Angebot der Abdichtungsbahnen bedeckt viele verschiedene Aufbauten und Situationen. Selbstverst\u00e4ndlich werden die Bahnen zusammen mit dem ausf\u00fchrlichen Auswahl an Zubeh\u00f6r als Systeml\u00f6sung angeboten. Die Produktion wird auf modernsten PVC-Prozessanlagen durchgef\u00fchrt, sei es Rollen, Laminieren oder mehrfache Extrusion. Die breite Produktenreihe des Abdichtungssystems FATRAFOL umfasst sowie Bahnen f\u00fcr flache D\u00e4cher, D\u00e4cher mit Neigung, Gr\u00fcne- und Ballastd\u00e4cher, Terrassen, geklebte Systeme, als auch mehrfache Varianten der Untergrundabdichtung und die Teichbahnen f\u00fcr Gartenwasserfl\u00e4chen. In K\u00fcrze, unter dem Name FATRAFOL findet man L\u00f6sungen f\u00fcr jede Bauanspr\u00fcche.<\/p>\n\n<\/div>\n<!-- padbox -->\n\n<\/div>\n<!-- homebox_half_content -->\n\n<\/div>\n<!-- row -->\n<div class=\"homebox_row\" style=\"overflow: visible;\">\n<div id=\"secondshortbox\" class=\"homebox_half_content\">\n<div class=\"homebox_half\" style=\"padding-top: 10%; overflow: visible;\"><div class=\"vendor_search\"><h3 class=\"hcolor\">Vertrieb<\/h3><div id=\"vendor_search_form\">\n\t\t<form method=\"get\" action=\"https:\/\/www.fatrafol.cz\/de\/distributor\/\" id=\"vendorSearchForm\"><input type=\"text\" id=\"vendorLocation\" name=\"vendorLocation\" value=\"\" class=\"vendorSearchLocationField\"\/><div class=\"searchVendorByLocationWrap\"><a href=\"https:\/\/www.fatrafol.cz\/de\/distributor\/\" class=\"searchVendorByLocation\">Benutze meinen Standort<\/a><\/div><div class=\"selectbox \"><select class=\"u-full-width selecty\" id=\"service\" name=\"service\"><option value=\"\">Produkte<\/option><option value=\"hydroisolierungsfolie\" >Abdichtungsbahnen<\/option><option value=\"watterproofing-membranes-de\" >Waterproofing membranes<\/option><\/select><\/div><input class=\"button-primary u-full-width \" type=\"submit\" name=\"vendor_search\" id=\"vendor_search\" value=\"Suchen\"><\/form><\/div><\/div><\/div>\n<div class=\"homebox_half\">\n\t<a href=\"\/wp-content\/uploads\/2022\/05\/Katalog-der-Abdichtungsbahnen_05_2022.pdf\" class=\"katalog_hp\">\n\t<h3 class=\"hcolor\" style=\"margin-bottom:2rem;\">Katalog<\/h3>\n\t<img decoding=\"async\" class=\"alignnone size-full lazyload\" data-src=\"\/wp-content\/uploads\/2017\/01\/katalog-hydroizolace-fatrafol-new.png\" src=\"data:image\/svg+xml;base64,PHN2ZyB3aWR0aD0iMSIgaGVpZ2h0PSIxIiB4bWxucz0iaHR0cDovL3d3dy53My5vcmcvMjAwMC9zdmciPjwvc3ZnPg==\" style=\"--smush-placeholder-width: 302px; --smush-placeholder-aspect-ratio: 302\/226;\" \/>\n\t<\/a><\/div>\n<\/div>\n<!-- half_content -->\n\n<\/div>\n<!-- row -->\n\n<\/div>\n<!-- half -->\n<div class=\"homebox_half\" style=\"height: 100%;\">\n<div class=\"homebox_half_content right\" style=\"height: 100%;\">\n<div id=\"bluelongbox\" class=\"homebox_half\" style=\"background-color: #0099e5; color: #fff; height: 100%;\"><h3 class=\"homepage_news title\"><a href=\"https:\/\/www.fatrafol.cz\/de\/neuheiten\/\">Neuheiten<\/a><\/h3><ul class=\"homepage_news\"><li><a href=\"https:\/\/www.fatrafol.cz\/de\/isolierung-eines-logistikzentrums-in-belgien\/\">Isolierung eines Logistikzentrums in Belgien<\/a><\/li><li><a href=\"https:\/\/www.fatrafol.cz\/de\/testung-der-bahnen-fatrafol-in-der-antarktis\/\">Testung der Bahnen Fatrafol in der Antarktis \u00a0<\/a><\/li><li><a href=\"https:\/\/www.fatrafol.cz\/de\/fatrafol-ist-bestandteil-des-baus-des-jahres-2020\/\">FATRAFOL ist Bestandteil des Baus des Jahres 2020<\/a><\/li><li><a href=\"https:\/\/www.fatrafol.cz\/de\/neue-farbe-der-dachabdichtungsbahnen\/\">Neue Farbe der Dachabdichtungsbahnen<\/a><\/li><li><a href=\"https:\/\/www.fatrafol.cz\/de\/neue-fatrafol-video\/\">Neue FATRAFOL Video<\/a><\/li><li><a href=\"https:\/\/www.fatrafol.cz\/de\/die-folie-fatrafol-erhielt-das-zertifikat-in-der-antarktis-getestet\/\">Die folie FATRAFOL erhielt das zertifikat &quot;IN DER ANTARKTIS GETESTET&quot;<\/a><\/li><li><a href=\"https:\/\/www.fatrafol.cz\/de\/fatra-exportiert-66-prozent-seiner-produktion-in-50-laender-der-welt\/\">Fatra exportiert 66 Prozent seiner Produktion in 50 L\u00e4nder der Welt<\/a><\/li><\/ul><\/div>\n<div class=\"homebox_padbox_left homebox_content second\" style=\"padding: 0;\">\n<ul class=\"product_terms_list home_narrow\">\n \t<li>\n<h5 class=\"hcolor\">Produkte<\/h5>\n<\/li>\n \t<li><a class=\"hcolor\" title=\"Dachabdichtungssystem\" href=\"\/de\/produkte\/dachabdichtungssystem\/\">\n<svg class=\"list_icon hcolor\" viewBox=\"0 0 32 32\"><use xlink:href=\"#icon-strecha\" \/><\/svg>\nDachabdichtungssystem<\/a><\/li>\n \t<li><a class=\"hcolor\" title=\"Erdabdichtungssystem\" href=\"\/de\/produkte\/erdabdichtungssystem\/\">\n<svg class=\"list_icon hcolor\" viewBox=\"0 0 32 32\"><use xlink:href=\"#icon-hydroizolace\" \/><\/svg>Untergrundabdichtungssystem<\/a><\/li>\n \t<li><a class=\"hcolor\" title=\"Abdichtung von Teichen und Wasserfl\u00e4chen\" href=\"\/de\/produkte\/abdichtung-von-teichen-und-wasserflachen\/\">\n<svg class=\"list_icon hcolor\" viewBox=\"0 0 32 32\"><use xlink:href=\"#icon-ryba\" \/><\/svg>\nAbdichtung von Teichen\n<\/a><\/li>\n \t<li><a class=\"hcolor\" title=\"Zubeh\u00f6r\" href=\"\/de\/produkte\/zubehor\/\">\n<svg class=\"list_icon hcolor\" viewBox=\"0 0 32 32\"><use xlink:href=\"#icon-sroub\" \/><\/svg>Sonstiges Zubeh\u00f6r\n<\/a><\/li>\n<\/ul>\n<\/div>\n<!-- padbox -->\n\n<\/div>\n<!-- .right -->\n\n<\/div>\n<!-- half -->\n\n<\/div>\n<div class=\"container\" style=\"margin-top: 3rem; margin-bottom: 2rem;\">\n<div class=\"row imgboxes_hp_fatrafol\">\n<div class=\"four columns\">\n\n<a href=\"https:\/\/www.fatrafol.cz\/de\/download\/\"><img decoding=\"async\" width=\"300\" height=\"225\" class=\"alignnone size-medium wp-image-10441 lazyload\" data-src=\"https:\/\/www.fatrafol.cz\/wp-content\/uploads\/2016\/02\/shutterstock_373377883_uprav_web-300x225.jpg\" alt=\"cenik\" data-srcset=\"https:\/\/www.fatrafol.cz\/wp-content\/uploads\/2016\/02\/shutterstock_373377883_uprav_web-300x225.jpg 300w, https:\/\/www.fatrafol.cz\/wp-content\/uploads\/2016\/02\/shutterstock_373377883_uprav_web-768x576.jpg 768w, https:\/\/www.fatrafol.cz\/wp-content\/uploads\/2016\/02\/shutterstock_373377883_uprav_web-733x550.jpg 733w, https:\/\/www.fatrafol.cz\/wp-content\/uploads\/2016\/02\/shutterstock_373377883_uprav_web.jpg 800w\" data-sizes=\"(max-width: 300px) 100vw, 300px\" src=\"data:image\/svg+xml;base64,PHN2ZyB3aWR0aD0iMSIgaGVpZ2h0PSIxIiB4bWxucz0iaHR0cDovL3d3dy53My5vcmcvMjAwMC9zdmciPjwvc3ZnPg==\" style=\"--smush-placeholder-width: 300px; --smush-placeholder-aspect-ratio: 300\/225;\" \/><\/a>\n<h3 class=\"noupper\" style=\"margin-top: 1rem;\"><a href=\"https:\/\/www.fatrafol.cz\/de\/download\/\">Herunterladen<\/a><\/h3>\n<\/div>\n<div class=\"four columns\">\n\n<a href=\"https:\/\/www.fatrafol.cz\/wp-content\/uploads\/2020\/04\/Catalogue-of-references-1.pdf\"><img decoding=\"async\" class=\"alignnone wp-image-10534 size-medium lazyload\" data-src=\"https:\/\/www.fatrafol.cz\/wp-content\/uploads\/2016\/01\/Tan\u010d\u00edc\u00ed_d\u016fm_web-300x224.jpg\" alt=\"Tan\u010d\u00edc\u00ed_d\u016fm_web\" width=\"300\" height=\"224\" data-srcset=\"https:\/\/www.fatrafol.cz\/wp-content\/uploads\/2016\/01\/Tan\u010d\u00edc\u00ed_d\u016fm_web-300x224.jpg 300w, https:\/\/www.fatrafol.cz\/wp-content\/uploads\/2016\/01\/Tan\u010d\u00edc\u00ed_d\u016fm_web-768x574.jpg 768w, https:\/\/www.fatrafol.cz\/wp-content\/uploads\/2016\/01\/Tan\u010d\u00edc\u00ed_d\u016fm_web-735x550.jpg 735w, https:\/\/www.fatrafol.cz\/wp-content\/uploads\/2016\/01\/Tan\u010d\u00edc\u00ed_d\u016fm_web-401x300.jpg 401w, https:\/\/www.fatrafol.cz\/wp-content\/uploads\/2016\/01\/Tan\u010d\u00edc\u00ed_d\u016fm_web.jpg 801w\" data-sizes=\"(max-width: 300px) 100vw, 300px\" src=\"data:image\/svg+xml;base64,PHN2ZyB3aWR0aD0iMSIgaGVpZ2h0PSIxIiB4bWxucz0iaHR0cDovL3d3dy53My5vcmcvMjAwMC9zdmciPjwvc3ZnPg==\" style=\"--smush-placeholder-width: 300px; --smush-placeholder-aspect-ratio: 300\/224;\" \/><\/a>\n<h3 class=\"noupper\" style=\"margin-top: 1rem;\"><a href=\"https:\/\/www.fatrafol.cz\/wp-content\/uploads\/2020\/04\/Catalogue-of-references-1.pdf\">Katalog der Referenzen<\/a><\/h3>\n<\/div>\n<div class=\"four columns\">\n\n<a href=\"https:\/\/www.fatrafol.cz\/de\/kontakt\/\"><img decoding=\"async\" width=\"300\" height=\"225\" class=\"alignnone size-medium wp-image-10453 lazyload\" data-src=\"https:\/\/www.fatrafol.cz\/wp-content\/uploads\/2016\/02\/fatra-fatrafol-prodejni-mista-v-\u010cR-300x225.jpg\" alt=\"fatra-fatrafol-prodejni-mista-v-\u010cR\" data-srcset=\"https:\/\/www.fatrafol.cz\/wp-content\/uploads\/2016\/02\/fatra-fatrafol-prodejni-mista-v-\u010cR-300x225.jpg 300w, https:\/\/www.fatrafol.cz\/wp-content\/uploads\/2016\/02\/fatra-fatrafol-prodejni-mista-v-\u010cR-768x576.jpg 768w, https:\/\/www.fatrafol.cz\/wp-content\/uploads\/2016\/02\/fatra-fatrafol-prodejni-mista-v-\u010cR-733x550.jpg 733w, https:\/\/www.fatrafol.cz\/wp-content\/uploads\/2016\/02\/fatra-fatrafol-prodejni-mista-v-\u010cR.jpg 800w\" data-sizes=\"(max-width: 300px) 100vw, 300px\" src=\"data:image\/svg+xml;base64,PHN2ZyB3aWR0aD0iMSIgaGVpZ2h0PSIxIiB4bWxucz0iaHR0cDovL3d3dy53My5vcmcvMjAwMC9zdmciPjwvc3ZnPg==\" style=\"--smush-placeholder-width: 300px; --smush-placeholder-aspect-ratio: 300\/225;\" \/><\/a>\n<h3 class=\"noupper\" style=\"margin-top: 1rem;\"><a href=\"https:\/\/www.fatrafol.cz\/de\/kontakt\/\">Kontakt<\/a><\/h3>\n<\/div>\n<\/div>\n<!-- row -->\n\n<\/div>\n<!-- container -->\n<div class=\"bgcolor\">\n<div class=\"container\" style=\"padding: 4.5em 0;\">\n<h3 style=\"text-align: center;\">Kundendienstleistungen<\/h3>\n<div class=\"row home_iconrow\">\n<div class=\"columns\" style=\"width: 16.8%;\"><a class=\"hcolor\" title=\"Das Studio f\u00fcr Abdichtungen\" href=\"\/de\/sluzby\/studio-izolaci\/\">\n<svg class=\"list_icon hcolor\" viewBox=\"0 0 32 32\"><use xlink:href=\"#icon-notes\" \/><\/svg>\nTechnische Unterst\u00fctzung<\/a><\/div>\n<div class=\"columns\" style=\"width: 16.8%;\"><a class=\"hcolor\" title=\"F\u00fcr Projektanten und Architekten\" href=\"\/de\/sluzby\/pro-projektanty-a-architekty\/\">\n<svg class=\"list_icon hcolor\" viewBox=\"0 0 32 32\"><use xlink:href=\"#icon-projekt\" \/><\/svg>\nProjektanten und Architekten\n<\/a><\/div>\n<div class=\"columns\" style=\"width: 16.8%;\"><a class=\"hcolor\" title=\"F\u00fcr Baufirmen\" href=\"\/de\/sluzby\/pro-stavebni-firmy\/\">\n<svg class=\"list_icon hcolor\" viewBox=\"0 0 32 32\"><use xlink:href=\"#icon-stavebnictvi\" \/><\/svg>\nVerlegefirmen\n<\/a><\/div>\n<div class=\"columns\" style=\"width: 16.8%;\"><a class=\"hcolor\" title=\"Spr\u00e1vce budov\" href=\"\/de\/sluzby\/pro-spravce-budov-a-developery\/\">\n<svg class=\"list_icon hcolor\" viewBox=\"0 0 32 32\"><use xlink:href=\"#icon-uzivatel\" \/><\/svg>\nBauherren\n<\/a><\/div>\n<div class=\"columns\" style=\"width: 16.8%;\"><a class=\"hcolor\" title=\"Schulungen\" href=\"\/de\/sluzby\/skoleni\/\">\n<svg class=\"list_icon hcolor\" viewBox=\"0 0 32 32\"><use xlink:href=\"#icon-skoleni\" \/><\/svg>\nSchulungen\n<\/a><\/div>\n<\/div>\n<!-- row -->\n\n<\/div>\n<!-- row -->\n\n<\/div>\n<!-- container -->\n<!-- bgcolor -->\n\n\t<script type=\"text\/javascript\">\n\tjQuery(document).ready(function($){\n\n\tfunction hp_resetheight() {\n\t\tif ($(window).width() > 750) {\n\t\t\tvar long = $('#bluelongbox').height();\n\t\t\tvar short1 = $('#firstshortbox').height();\n\t\t\tvar short2 = $('#secondshortbox').height();\n\t\t\tvar homeblock = $('#homeblock').height();\n\t\t\tconsole.log(\"checking heights: \"+long);\n\n\t\t\tif ((short1 + short2) > long) {\n\t\t\t$('#bluelongbox').css('height', homeblock);\n\t\t\tconsole.log(\"setting long height: \" + homeblock);\n\t\t\t}\n\t\t\tvar long = $('#bluelongbox').height();\n\n\t\t\tif ((long - short1) > short2) {\n\t\t\t $('#secondshortbox').css('height', (long - short1));\n\t\t\t console.log(\"setting short height:\" + (long - short1) + \"+\" + short1);\n\t\t\t}\n\n\t\t}\n\t}\n\t$(document).ready(hp_resetheight);\n\t$(window).load(hp_resetheight);\n\t$(window).resize(hp_resetheight);\n\t});\n\t<\/script>","protected":false},"excerpt":{"rendered":"<p>abdichtungsbahn FATRAFOL ist ein Wasserabdichtungssystem, das von den technischen Experten der Firma Fatra, a.s., entwickelt wurde. Das Verlegen der ersten Abdichtungsbahn auf Basis von Weich-PVC geht bis ins Jahr 1956 zur\u00fcck. Heutiger Angebot der Abdichtungsbahnen bedeckt viele verschiedene Aufbauten und Situationen. Selbstverst\u00e4ndlich werden die Bahnen zusammen mit dem ausf\u00fchrlichen Auswahl an Zubeh\u00f6r als Systeml\u00f6sung angeboten. [&hellip;]<\/p>\n","protected":false},"author":11,"featured_media":10279,"parent":0,"menu_order":0,"comment_status":"closed","ping_status":"closed","template":"","meta":{"footnotes":""},"class_list":["post-10538","page","type-page","status-publish","has-post-thumbnail","hentry"],"_links":{"self":[{"href":"https:\/\/www.fatrafol.cz\/de\/wp-json\/wp\/v2\/pages\/10538","targetHints":{"allow":["GET"]}}],"collection":[{"href":"https:\/\/www.fatrafol.cz\/de\/wp-json\/wp\/v2\/pages"}],"about":[{"href":"https:\/\/www.fatrafol.cz\/de\/wp-json\/wp\/v2\/types\/page"}],"author":[{"embeddable":true,"href":"https:\/\/www.fatrafol.cz\/de\/wp-json\/wp\/v2\/users\/11"}],"replies":[{"embeddable":true,"href":"https:\/\/www.fatrafol.cz\/de\/wp-json\/wp\/v2\/comments?post=10538"}],"version-history":[{"count":43,"href":"https:\/\/www.fatrafol.cz\/de\/wp-json\/wp\/v2\/pages\/10538\/revisions"}],"predecessor-version":[{"id":48975,"href":"https:\/\/www.fatrafol.cz\/de\/wp-json\/wp\/v2\/pages\/10538\/revisions\/48975"}],"wp:featuredmedia":[{"embeddable":true,"href":"https:\/\/www.fatrafol.cz\/de\/wp-json\/wp\/v2\/media\/10279"}],"wp:attachment":[{"href":"https:\/\/www.fatrafol.cz\/de\/wp-json\/wp\/v2\/media?parent=10538"}],"curies":[{"name":"wp","href":"https:\/\/api.w.org\/{rel}","templated":true}]}}